{"id":1703,"date":"2025-10-22T11:01:18","date_gmt":"2025-10-22T11:01:18","guid":{"rendered":"https:\/\/alited.com\/sp580\/"},"modified":"2025-11-11T06:36:00","modified_gmt":"2025-11-11T06:36:00","slug":"sp580","status":"publish","type":"page","link":"https:\/\/alited.com\/es\/products\/pos\/sp580\/","title":{"rendered":"Terminal POS inteligente SP580"},"content":{"rendered":"\n<div class=\"wp-block-cover alignfull has-text-color\" style=\"color:#ffffff;padding-top:var(--wp--preset--spacing--70);padding-right:var(--wp--preset--spacing--50);padding-bottom:var(--wp--preset--spacing--70);padding-left:var(--wp--preset--spacing--50);min-height:60vh;aspect-ratio:unset;\"><img decoding=\"async\" class=\"wp-block-cover__image-background\" alt=\"Terminal POS inteligente SP580: pantalla principal del sistema de cajero inteligente Android\" src=\"https:\/\/alited.com\/wp-content\/uploads\/2025\/10\/SP580-PC-1.png\" data-object-fit=\"cover\" \/><span aria-hidden=\"true\" class=\"wp-block-cover__background has-black-background-color has-background-dim-40 has-background-dim\"><\/span><div class=\"wp-block-cover__inner-container is-layout-flow wp-block-cover-is-layout-flow\">\n<h1 class=\"wp-block-heading has-text-align-center\" style=\"font-size:3.5rem;font-style:normal;font-weight:700\">Terminal POS inteligente SP580<\/h1>\n\n\n\n<p class=\"has-text-align-center\" style=\"font-size:1.5rem\">Sistema inteligente Android 14 | Procesador de cuatro n\u00facleos a 2,0 GHz | Pantalla t\u00e1ctil de 5,5 pulgadas<\/p>\n\n\n\n<p class=\"has-text-align-center\" style=\"font-size:1.2rem\">Admite m\u00faltiples m\u00e9todos de pago, adecuados para comercio minorista inteligente, catering, cadenas de tiendas y otros escenarios<\/p>\n<\/div><\/div>\n\n\n\n\/* estilo de tarjeta de imagen superior *\/\n\n.tarjeta-imagen-superior h3 {\n    tama\u00f1o de fuente: 18px! Importante;\n    peso de fuente: 600! Importante;\n    margen: 0 0 8px !importante;\n    color: #111 !importante;\n}\n.tarjeta-imagen-superior\n\/* Ajuste del tama\u00f1o de fuente: H1\/H2\/H3\/p\u00e1rrafo *\/\n.entry-content .wp-bloque-cubierta h1 {\n    tama\u00f1o de fuente: abrazadera (28px, 4vw, 46px)! Importante;\n    altura de l\u00ednea: 1,22! Importante;\n}\n.entrada-contenido h2\n.entrada-contenido h3\n.entrada-contenido p {\n    tama\u00f1o de fuente: abrazadera (14px, 1.8vw, 18px)! Importante;\n    altura de l\u00ednea: 1,7! Importante;\n}\n\n\n\n<h2 class=\"wp-block-heading has-text-align-center\" style=\"text-align:center!important;margin-top:var(--wp--preset--spacing--40);margin-bottom:var(--wp--preset--spacing--30)\">Introducci\u00f3n del producto<\/h2>\n\n\n<div class=\"wp-block-image\">\n<figure class=\"size-medium alignleft\"><img decoding=\"async\" src=\"\/wp-content\/uploads\/2025\/10\/SP580-2.png\" alt=\"Terminal POS inteligente SP580\" \/><\/figure><\/div>\n\n\n<p style=\"margin-top:0;margin-bottom:48px;line-height:1.85;text-align:justify\">SP580 es Alited Financial<a href=\"\/es\/products\/pos\/\">terminal POS<\/a>El producto POS inteligente de la serie se basa en el sistema operativo Android 14, utiliza un procesador Quad-Core Cortex-A53 de 2,0 GHz y est\u00e1 equipado con una pantalla t\u00e1ctil capacitiva TFT de 5,5 pulgadas. Como terminal POS inteligente, SP580 no solo admite tarjetas de banda magn\u00e9tica, tarjetas IC, NFC, c\u00f3digos QR, etc.<a href=\"\/es\/products\/pos\/\">M\u00faltiples m\u00e9todos de pago<\/a>, tambi\u00e9n admite la expansi\u00f3n de aplicaciones, gesti\u00f3n de miembros, actividades de marketing y otras funciones, lo que lo convierte en una opci\u00f3n ideal para escenarios de cajero inteligente.<\/p>\n\n\n\n<div style=\"height:60px\" aria-hidden=\"true\" class=\"wp-block-spacer\"><\/div>\n\n\n\n<h2 class=\"wp-block-heading has-text-align-center\" style=\"text-align:center!important;margin-top:var(--wp--preset--spacing--40);margin-bottom:var(--wp--preset--spacing--30)\">Funciones principales<\/h2>\n\n\n\n<div class=\"wp-block-columns columns-4 is-layout-flex wp-container-core-columns-is-layout-019f8f99 wp-block-columns-is-layout-flex\">\n\n<div class=\"wp-block-column is-vertically-aligned-top is-layout-flow wp-block-column-is-layout-flow\">\n\n<div class=\"wp-block-group\"><div class=\"wp-block-group__inner-container is-layout-flow wp-block-group-is-layout-flow\">\n<div class=\"wp-block-image\">\n<figure class=\"size-medium aligncenter\"><img decoding=\"async\" src=\"\/wp-content\/uploads\/2025\/10\/SP580-PC-3.png\" alt=\"Terminal POS inteligente SP580: admite m\u00faltiples m\u00e9todos de pago, como tarjetas de banda magn\u00e9tica, tarjetas IC, NFC, c\u00f3digos QR, etc.\" \/><\/figure><\/div>\n\n<h3 class=\"wp-block-heading has-text-align-center\">\ud83d\udcf1 Sistema inteligente Android 14<\/h3>\n\n\n<p>En escenarios minoristas, el terminal POS inteligente SP580 puede procesar r\u00e1pidamente el escaneo y el pago del producto, y admite m\u00faltiples m\u00e9todos de pago para satisfacer las necesidades de pago de diferentes clientes. Al utilizar el terminal POS inteligente SP580, los comerciantes pueden aumentar significativamente la velocidad de pago y reducir el tiempo de espera de los clientes, mejorando as\u00ed la satisfacci\u00f3n del cliente y la eficiencia operativa general de la tienda.<\/p>\n\n\n<p class=\"has-text-align-center\" style=\"margin-top:0\">El SP580 utiliza el sistema operativo Android 14 y admite expansi\u00f3n de aplicaciones y actualizaciones OTA. Los usuarios pueden instalar varias aplicaciones seg\u00fan las necesidades comerciales, como gesti\u00f3n de membres\u00edas, actividades de marketing, gesti\u00f3n de inventario, etc., para lograr un cajero verdaderamente inteligente.<\/p>\n\n<\/div><\/div>\n\n<\/div>\n\n\n<div class=\"wp-block-column is-vertically-aligned-top is-layout-flow wp-block-column-is-layout-flow\">\n\n<div class=\"wp-block-group\"><div class=\"wp-block-group__inner-container is-layout-flow wp-block-group-is-layout-flow\">\n<div class=\"wp-block-image\">\n<figure class=\"size-medium aligncenter\"><img decoding=\"async\" src=\"\/wp-content\/uploads\/2025\/10\/SP580-PC-2.png\" alt=\"Terminal POS inteligente SP580: chip de procesador de cuatro n\u00facleos Cortex-A53 de cuatro n\u00facleos a 2,0 GHz\" \/><\/figure><\/div>\n\n<h3 class=\"wp-block-heading has-text-align-center\">\ud83d\udcaa Procesador de cuatro n\u00facleos Cortex-A53 de 2,0 GHz<\/h3>\n\n\n<p>En este escenario, el terminal POS inteligente SP580 puede mejorar efectivamente la eficiencia del proceso de pago, reducir las operaciones manuales y reducir las tasas de error. Al utilizar el terminal POS inteligente SP580, los comerciantes pueden mejorar la calidad del servicio y la experiencia del cliente, mejorando as\u00ed la competitividad general.<\/p>\n\n\n<p class=\"has-text-align-center\" style=\"margin-top:0\">Adopta una arquitectura Cortex-A53 de cuatro n\u00facleos, con frecuencia de 2,0 GHz, tiene un rendimiento s\u00f3lido y admite aplicaciones empresariales complejas y multitarea.<\/p>\n\n<\/div><\/div>\n\n<\/div>\n\n\n<div class=\"wp-block-column is-vertically-aligned-top is-layout-flow wp-block-column-is-layout-flow\">\n\n<div class=\"wp-block-group\"><div class=\"wp-block-group__inner-container is-layout-flow wp-block-group-is-layout-flow\">\n<div class=\"wp-block-image\">\n<figure class=\"size-medium aligncenter\"><img decoding=\"async\" src=\"\/wp-content\/uploads\/2025\/10\/SP580-PC-4.png\" alt=\"Terminal POS inteligente SP580: representaciones de la apariencia de toda la m\u00e1quina, pantalla t\u00e1ctil capacitiva TFT de 5,5 pulgadas\" \/><\/figure><\/div>\n\n<h3 class=\"wp-block-heading has-text-align-center\">\ud83d\udcfa Pantalla t\u00e1ctil capacitiva TFT de 5,5 pulgadas<\/h3>\n\n\n<p>En este escenario, el terminal POS inteligente SP580 puede mejorar efectivamente la eficiencia del proceso de pago, reducir las operaciones manuales y reducir las tasas de error. Al utilizar el terminal POS inteligente SP580, los comerciantes pueden mejorar la calidad del servicio y la experiencia del cliente, mejorando as\u00ed la competitividad general.<\/p>\n\n\n<p class=\"has-text-align-center\" style=\"margin-top:0\">SP580 est\u00e1 equipado con una pantalla t\u00e1ctil capacitiva TFT de 5,5 pulgadas con visualizaci\u00f3n clara y operaci\u00f3n conveniente. El dise\u00f1o de pantalla grande permite a los cajeros ver la informaci\u00f3n de las transacciones con mayor claridad y a los clientes ver mejor los detalles del pedido.<\/p>\n\n<\/div><\/div>\n\n<\/div>\n\n\n<div class=\"wp-block-column is-vertically-aligned-top is-layout-flow wp-block-column-is-layout-flow\">\n\n<div class=\"wp-block-group\"><div class=\"wp-block-group__inner-container is-layout-flow wp-block-group-is-layout-flow\">\n<div class=\"wp-block-image\">\n<figure class=\"size-medium aligncenter\"><img decoding=\"async\" src=\"\/wp-content\/uploads\/2025\/10\/SP580-PC-5.png\" alt=\"Terminal POS inteligente SP580: impresora t\u00e9rmica de alta velocidad con velocidad de impresi\u00f3n de hasta 90 mm\/s\" \/><\/figure><\/div>\n\n<h3 class=\"wp-block-heading has-text-align-center\">\ud83d\udda8\ufe0f Impresora t\u00e9rmica de alta velocidad<\/h3>\n\n\n<p class=\"has-text-align-center\" style=\"margin-top:0\">Tiene una impresora t\u00e9rmica de alta velocidad incorporada con una velocidad de impresi\u00f3n de hasta 90 mm\/s y un ancho de rollo de papel de 58 mm, que admite una impresi\u00f3n r\u00e1pida de recibos y mejora la eficiencia del cajero.<\/p>\n\n<\/div><\/div>\n\n<\/div>\n\n\n<div class=\"wp-block-column is-vertically-aligned-top is-layout-flow wp-block-column-is-layout-flow\">\n\n<div class=\"wp-block-group\"><div class=\"wp-block-group__inner-container is-layout-flow wp-block-group-is-layout-flow\">\n<div class=\"wp-block-image\">\n<figure class=\"size-medium aligncenter\"><img decoding=\"async\" src=\"\/wp-content\/uploads\/2025\/10\/SP580-PC-6.png\" alt=\"Terminal POS inteligente SP580: dise\u00f1o de c\u00e1mara dual, admite pago con c\u00f3digo QR y escaneo de productos\" \/><\/figure><\/div>\n\n<h3 class=\"wp-block-heading has-text-align-center\">\ud83d\udcf7Dise\u00f1o de c\u00e1mara dual<\/h3>\n\n\n<p class=\"has-text-align-center\" style=\"margin-top:0\">Equipado con c\u00e1maras duales delanteras y traseras, admite escaneo de c\u00f3digos QR para pagos y escaneo de productos para satisfacer las necesidades de una variedad de escenarios comerciales.<\/p>\n\n<\/div><\/div>\n\n<\/div>\n\n\n<div class=\"wp-block-column is-vertically-aligned-top is-layout-flow wp-block-column-is-layout-flow\">\n\n<div class=\"wp-block-group\"><div class=\"wp-block-group__inner-container is-layout-flow wp-block-group-is-layout-flow\">\n<div class=\"wp-block-image\">\n<figure class=\"size-medium aligncenter\"><img decoding=\"async\" src=\"\/wp-content\/uploads\/2025\/10\/SP580-PC-7.png\" alt=\"Terminal POS inteligente SP580: bater\u00eda de iones de litio de 7,4 V y 2600 mAh, dise\u00f1o de bater\u00eda de larga duraci\u00f3n\" \/><\/figure><\/div>\n\n<h3 class=\"wp-block-heading has-text-align-center\">\ud83d\udd0bBater\u00eda de larga duraci\u00f3n<\/h3>\n\n\n<p class=\"has-text-align-center\" style=\"margin-top:0\">Bater\u00eda de iones de litio incorporada de 7,4 V y 2600 mAh con bater\u00eda de larga duraci\u00f3n, adecuada para escenarios de cajero m\u00f3vil.<\/p>\n\n<\/div><\/div>\n\n<\/div>\n\n<\/div>\n\n\n\n<div class=\"wp-block-group\" style=\"border-radius:12px;background-color:#ffffff;padding-top:var(--wp--preset--spacing--60);padding-right:var(--wp--preset--spacing--50);padding-bottom:var(--wp--preset--spacing--60);padding-left:var(--wp--preset--spacing--50)\"><div class=\"wp-block-group__inner-container is-layout-constrained wp-container-core-group-is-layout-fcc72f54 wp-block-group-is-layout-constrained\">\n\n<h2 class=\"wp-block-heading has-text-align-center\" style=\"margin-bottom:var(--wp--preset--spacing--50);text-align:center!important\">Especificaciones t\u00e9cnicas<\/h2>\n\n\n<h3 class=\"wp-block-heading has-text-align-center\" style=\"margin-top:var(--wp--preset--spacing--40);margin-bottom:var(--wp--preset--spacing--30)\">1. Informaci\u00f3n b\u00e1sica<\/h3>\n\n\n<figure class=\"wp-block-table\"><table style=\"border-width:0px\"><tbody><tr><td><strong>Modelo de producto<\/strong><\/td><td>SP580<\/td><\/tr><tr><td><strong>Nombre del producto<\/strong><\/td><td>Terminal POS inteligente<\/td><\/tr><tr><td><strong>Serie de productos<\/strong><\/td><td>Serie de terminales POS financieros Alited<\/td><\/tr><tr><td><strong>Posicionamiento del producto<\/strong><\/td><td>Terminal POS de escena de cajero inteligente<\/td><\/tr><\/tbody><\/table><\/figure>\n\n\n<h3 class=\"wp-block-heading has-text-align-center\" style=\"margin-top:var(--wp--preset--spacing--40);margin-bottom:var(--wp--preset--spacing--30)\">2. Especificaciones de hardware<\/h3>\n\n\n<figure class=\"wp-block-table\"><table style=\"border-width:0px\"><tbody><tr><td><strong>UPC<\/strong><\/td><td>CPU segura de cuatro n\u00facleos Cortex-A53, 2,0 GHz y 32 bits<\/td><\/tr><tr><td><strong>Sistema operativo<\/strong><\/td><td>Androide 14<\/td><\/tr><tr><td><strong>Memoria<\/strong><\/td><td>2 GB de RAM + 16 GB de ROM (predeterminado) \/ 3 GB de RAM + 32 GB de ROM (opcional)<\/td><\/tr><tr><td><strong>Mostrar<\/strong><\/td><td>Pantalla t\u00e1ctil capacitiva TFT de 5,5 pulgadas, 1280\u00d7720 p\u00edxeles<\/td><\/tr><tr><td><strong>comunicaci\u00f3n<\/strong><\/td><td>4G, WCDMA, GSM, WIFI, Bluetooth4.2 BLE<\/td><\/tr><tr><td><strong>Lector de tarjetas de banda magn\u00e9tica (MSR)<\/strong><\/td><td>Admite pista ISO7811 1\/2\/3, deslizamiento de tarjeta bidireccional<\/td><\/tr><tr><td><strong>lector de tarjetas IC<\/strong><\/td><td>Cumple con ISO7816, PBOC3.0, EMV4.3 L1 y L2<\/td><\/tr><tr><td><strong>Lector de tarjetas sin contacto<\/strong><\/td><td>Soporta ISO\/IEC 14443 Tipo A&amp;B, tarjeta Mifare, EMV, qPBOC, PayPass y PayWave<\/td><\/tr><tr><td><strong>C\u00e1mara<\/strong><\/td><td>C\u00e1mara frontal: 2.0MP (opcional), c\u00e1mara trasera: 5.0MP FF (AF opcional)<\/td><\/tr><tr><td><strong>impresora<\/strong><\/td><td>Impresora t\u00e9rmica de alta velocidad, velocidad de hasta 90 mm\/s, rollo de papel de 58 mm (ancho), 40 mm (profundidad)<\/td><\/tr><tr><td><strong>bot\u00f3n<\/strong><\/td><td>Tecla de encendido<\/td><\/tr><tr><td><strong>luz indicadora<\/strong><\/td><td>4 LED (azul, amarillo, verde, rojo)<\/td><\/tr><tr><td><strong>Audio<\/strong><\/td><td>Zumbador, altavoz y micr\u00f3fono integrados<\/td><\/tr><tr><td><strong>Bater\u00eda<\/strong><\/td><td>Iones de litio 2600 mAh \/7,4 V<\/td><\/tr><tr><td><strong>ranura<\/strong><\/td><td>Nano SIM \u00d71, \u200b\u200b\u200b\u200bSAM \u00d71, \u200b\u200b\u200b\u200bSIM\/SAM \u00d71, \u200b\u200b\u200b\u200bMicro SD \u00d71<\/td><\/tr><tr><td><strong>adaptador<\/strong><\/td><td>Entrada: CA 100~240V, 50~60Hz; Salida: CC 5 V\/2 A.<\/td><\/tr><tr><td><strong>GPS<\/strong><\/td><td>GPS, A-GPS<\/td><\/tr><\/tbody><\/table><\/figure>\n\n\n<h3 class=\"wp-block-heading has-text-align-center\" style=\"margin-top:var(--wp--preset--spacing--40);margin-bottom:var(--wp--preset--spacing--30)\">3. Especificaciones f\u00edsicas<\/h3>\n\n\n<figure class=\"wp-block-table\"><table style=\"border-width:0px\"><tbody><tr><td><strong>Dimensiones (largo \u00d7 ancho \u00d7 alto)<\/strong><\/td><td>183\u00d784\u00d764mm<\/td><\/tr><tr><td><strong>peso<\/strong><\/td><td>540g<\/td><\/tr><\/tbody><\/table><\/figure>\n\n\n<h3 class=\"wp-block-heading has-text-align-center\" style=\"margin-top:var(--wp--preset--spacing--40);margin-bottom:var(--wp--preset--spacing--30)\">4. Certificaci\u00f3n y Cumplimiento<\/h3>\n\n\n<figure class=\"wp-block-table\"><table style=\"border-width:0px\"><tbody><tr><td><strong>Certificaci\u00f3n CE<\/strong><\/td><td>Marcado CE<\/td><\/tr><tr><td><strong>Certificaci\u00f3n FCC<\/strong><\/td><td>FCC Parte 15<\/td><\/tr><tr><td><strong>Certificaci\u00f3n PCI<\/strong><\/td><td>PCIPT 4.x<\/td><\/tr><tr><td><strong>Certificaci\u00f3n UnionPay<\/strong><\/td><td>Certificaci\u00f3n de seguridad del terminal de aceptaci\u00f3n de tarjetas UnionPay<\/td><\/tr><tr><td><strong>Certificaci\u00f3n 3C<\/strong><\/td><td>Certificaci\u00f3n 3C<\/td><\/tr><\/tbody><\/table><\/figure>\n\n<\/div><\/div>\n\n\n\n<\/div>\n\n\n\n<h2 class=\"wp-block-heading has-text-align-center\" style=\"text-align:center!important;margin-top:var(--wp--preset--spacing--40);margin-bottom:var(--wp--preset--spacing--30)\">Im\u00e1genes del producto<\/h2>\n\n\n\n<div class=\"wp-block-cover alignfull has-text-color\" style=\"color:#ffffff;padding-top:var(--wp--preset--spacing--70);padding-right:var(--wp--preset--spacing--50);padding-bottom:var(--wp--preset--spacing--70);padding-left:var(--wp--preset--spacing--50);min-height:60vh;aspect-ratio:unset;\"><img decoding=\"async\" class=\"wp-block-cover__image-background\" alt=\"Terminal POS inteligente SP580: representaciones de la apariencia de toda la m\u00e1quina, pantalla t\u00e1ctil capacitiva TFT de 5,5 pulgadas\" src=\"https:\/\/alited.com\/wp-content\/uploads\/2025\/10\/SP580-PC-4.png\" data-object-fit=\"cover\" \/><span aria-hidden=\"true\" class=\"wp-block-cover__background has-black-background-color has-background-dim-40 has-background-dim\"><\/span><div class=\"wp-block-cover__inner-container is-layout-flow wp-block-cover-is-layout-flow\">\n<h2 class=\"wp-block-heading has-text-align-center\" style=\"font-size:3.5rem;font-weight:700\">Im\u00e1genes del producto SP580<\/h2>\n\n\n\n<p class=\"has-text-align-center\" style=\"font-size:1.5rem\">Pantalla t\u00e1ctil capacitiva TFT de 5,5 pulgadas, dise\u00f1o elegante<\/p>\n\n\n\n<p class=\"has-text-align-center\" style=\"font-size:1.2rem\">Terminal POS inteligente de alto rendimiento para satisfacer las necesidades de diversos escenarios de cajero<\/p>\n<\/div><\/div>\n\n\n\n<h2 class=\"wp-block-heading has-text-align-center\" style=\"text-align:center!important;margin-top:var(--wp--preset--spacing--40);margin-bottom:var(--wp--preset--spacing--30)\">Escenarios de aplicaci\u00f3n<\/h2>\n\n\n\n<div class=\"wp-block-columns columns-3 is-layout-flex wp-container-core-columns-is-layout-019f8f99 wp-block-columns-is-layout-flex\">\n\n<div class=\"wp-block-column is-vertically-aligned-top is-layout-flow wp-block-column-is-layout-flow\">\n\n<div class=\"wp-block-group scenario-card top-image-card\" style=\"border-radius:12px;background-color:#ffffff;padding-top:var(--wp--preset--spacing--50);padding-right:var(--wp--preset--spacing--40);padding-bottom:var(--wp--preset--spacing--50);padding-left:var(--wp--preset--spacing--40)\"><div class=\"wp-block-group__inner-container is-layout-flow wp-block-group-is-layout-flow\">\n\n<h3 class=\"wp-block-heading has-text-align-center\" style=\"margin-top:0;margin-bottom:var(--wp--preset--spacing--20)\">\ud83c\udfea Escena minorista inteligente<\/h3>\n\n\n<p class=\"has-text-align-center card-content\" style=\"margin-top:0\">Comerciantes minoristas que necesitan funciones de gesti\u00f3n de membres\u00edas y actividades de marketing. La pantalla grande del SP580 y el sistema Android admiten varias extensiones de aplicaciones para satisfacer las necesidades de los escenarios minoristas inteligentes.<\/p>\n\n\n<p>El terminal POS inteligente SP580 es un dispositivo terminal POS profesional especialmente dise\u00f1ado para escenarios de cajero inteligente. El producto tiene funciones b\u00e1sicas como el sistema inteligente Android 14, una pantalla t\u00e1ctil capacitiva TFT de 5,5 pulgadas y una impresora t\u00e9rmica de alta velocidad, y puede satisfacer las necesidades de cajero de diversos escenarios comerciales, como tiendas minoristas, restaurantes y tiendas de conveniencia. Adoptar una arquitectura t\u00e9cnica madura y estable para garantizar la estabilidad y confiabilidad del equipo en operaci\u00f3n a largo plazo. El funcionamiento es simple e intuitivo, incluso los usuarios nuevos pueden comenzar r\u00e1pidamente, lo que mejora enormemente la eficiencia del proceso de pago.<\/p>\n\n<\/div><\/div>\n\n<\/div>\n\n\n<div class=\"wp-block-column is-vertically-aligned-top is-layout-flow wp-block-column-is-layout-flow\">\n\n<div class=\"wp-block-group top-image-card\" style=\"border-radius:12px;background-color:#ffffff;padding-top:var(--wp--preset--spacing--50);padding-right:var(--wp--preset--spacing--40);padding-bottom:var(--wp--preset--spacing--50);padding-left:var(--wp--preset--spacing--40)\"><div class=\"wp-block-group__inner-container is-layout-flow wp-block-group-is-layout-flow\">\n\n<h3 class=\"wp-block-heading has-text-align-center\" style=\"margin-top:0;margin-bottom:var(--wp--preset--spacing--20)\">\ud83c\udf7d\ufe0fEscena de catering inteligente<\/h3>\n\n\n<p class=\"has-text-align-center card-content\" style=\"margin-top:0\">Establecimientos de restauraci\u00f3n que requieran la integraci\u00f3n del sistema de pedidos. SP580 admite la integraci\u00f3n de sistemas de pedidos y las c\u00e1maras duales se pueden usar para escanear c\u00f3digos QR para pagos y escaneo de productos.<\/p>\n\n<\/div><\/div>\n\n<\/div>\n\n\n<div class=\"wp-block-column is-vertically-aligned-top is-layout-flow wp-block-column-is-layout-flow\">\n\n<div class=\"wp-block-group top-image-card\" style=\"border-radius:12px;background-color:#ffffff;padding-top:var(--wp--preset--spacing--50);padding-right:var(--wp--preset--spacing--40);padding-bottom:var(--wp--preset--spacing--50);padding-left:var(--wp--preset--spacing--40)\"><div class=\"wp-block-group__inner-container is-layout-flow wp-block-group-is-layout-flow\">\n\n<h3 class=\"wp-block-heading has-text-align-center\" style=\"margin-top:0;margin-bottom:var(--wp--preset--spacing--20)\">\ud83c\udfec Escena de cadena de tiendas<\/h3>\n\n\n<p class=\"has-text-align-center card-content\" style=\"margin-top:0\">Cadenas de tiendas que requieren una gesti\u00f3n unificada. SP580 admite actualizaci\u00f3n OTA, que puede realizar una gesti\u00f3n unificada y actualizaci\u00f3n remota.<\/p>\n\n<\/div><\/div>\n\n<\/div>\n\n\n<div class=\"wp-block-column is-vertically-aligned-top is-layout-flow wp-block-column-is-layout-flow\">\n\n<div class=\"wp-block-group top-image-card\" style=\"border-radius:12px;background-color:#ffffff;padding-top:var(--wp--preset--spacing--50);padding-right:var(--wp--preset--spacing--40);padding-bottom:var(--wp--preset--spacing--50);padding-left:var(--wp--preset--spacing--40)\"><div class=\"wp-block-group__inner-container is-layout-flow wp-block-group-is-layout-flow\">\n\n<h3 class=\"wp-block-heading has-text-align-center\" style=\"margin-top:0;margin-bottom:var(--wp--preset--spacing--20)\">\ud83d\udcf1 Escenario de cajero m\u00f3vil<\/h3>\n\n\n<p class=\"has-text-align-center card-content\" style=\"margin-top:0\">Escenarios que requieren cajero m\u00f3vil. SP580 admite conexi\u00f3n 4G y bater\u00eda de larga duraci\u00f3n, lo que lo hace adecuado para escenarios de cajero m\u00f3vil.<\/p>\n\n<\/div><\/div>\n\n<\/div>\n\n<\/div>\n","protected":false},"excerpt":{"rendered":"<p>\/* estilo de tarjeta de imagen superior *\/ .tarjeta-imagen-superior h3 { tama\u00f1o de fuente: 18px! Importante; peso de fuente: 600! Importante; margen: 0 0 8px !importante; color: #111 !importante; } .tarjeta-imagen-superior \/* Ajuste del tama\u00f1o de fuente: H1\/H2\/H3\/p\u00e1rrafo *\/ .entry-content .wp-bloque-cubierta h1 { tama\u00f1o de fuente: abrazadera (28px, 4vw, 46px)! Importante; altura de l\u00ednea: 1,22!&#8230;<\/p>\n","protected":false},"author":0,"featured_media":1768,"parent":1639,"menu_order":0,"comment_status":"closed","ping_status":"closed","template":"","meta":{"_kad_post_transparent":"","_kad_post_title":"hide","_kad_post_layout":"fullwidth","_kad_post_sidebar_id":"","_kad_post_content_style":"","_kad_post_vertical_padding":"","_kad_post_feature":"","_kad_post_feature_position":"","_kad_post_header":false,"_kad_post_footer":false,"_kad_post_classname":"","footnotes":""},"class_list":["post-1703","page","type-page","status-publish","has-post-thumbnail","hentry"],"_links":{"self":[{"href":"https:\/\/alited.com\/es\/wp-json\/wp\/v2\/pages\/1703","targetHints":{"allow":["GET"]}}],"collection":[{"href":"https:\/\/alited.com\/es\/wp-json\/wp\/v2\/pages"}],"about":[{"href":"https:\/\/alited.com\/es\/wp-json\/wp\/v2\/types\/page"}],"replies":[{"embeddable":true,"href":"https:\/\/alited.com\/es\/wp-json\/wp\/v2\/comments?post=1703"}],"version-history":[{"count":1,"href":"https:\/\/alited.com\/es\/wp-json\/wp\/v2\/pages\/1703\/revisions"}],"predecessor-version":[{"id":1820,"href":"https:\/\/alited.com\/es\/wp-json\/wp\/v2\/pages\/1703\/revisions\/1820"}],"up":[{"embeddable":true,"href":"https:\/\/alited.com\/es\/wp-json\/wp\/v2\/pages\/1639"}],"wp:featuredmedia":[{"embeddable":true,"href":"https:\/\/alited.com\/es\/wp-json\/wp\/v2\/media\/1768"}],"wp:attachment":[{"href":"https:\/\/alited.com\/es\/wp-json\/wp\/v2\/media?parent=1703"}],"curies":[{"name":"wp","href":"https:\/\/api.w.org\/{rel}","templated":true}]}}