{"id":1883,"date":"2025-11-11T06:46:31","date_gmt":"2025-11-11T06:46:31","guid":{"rendered":"https:\/\/alited.com\/products\/"},"modified":"2025-11-11T06:46:31","modified_gmt":"2025-11-11T06:46:31","slug":"products","status":"publish","type":"page","link":"https:\/\/alited.com\/es\/products\/","title":{"rendered":"M\u00e1quina POS, caja registradora, altavoz en la nube, serie de productos de impresora en la nube"},"content":{"rendered":"<h1 class=\"wp-block-heading has-text-align-center\">Centro de productos<\/h1><p class=\"has-text-align-center\">Cubriendo m\u00faltiples escenarios, como pago, escaneo de c\u00f3digos QR, cajero y dispositivos en la nube.<\/p><div style=\"height:30px\" aria-hidden=\"true\" class=\"wp-block-spacer\"><\/div><div class=\"wp-block-columns is-layout-flex wp-container-core-columns-is-layout-9d6595d7 wp-block-columns-is-layout-flex\"><div class=\"wp-block-column is-layout-flow wp-block-column-is-layout-flow\"><figure class=\"wp-block-image size-large\" style=\"text-align:center;background:#fff;border-radius:12px;padding:24px\"><img decoding=\"async\" src=\"\/wp-content\/uploads\/2025\/10\/SP580.png\" alt=\"Terminal POS financiero\" style=\"max-width:320px;height:auto;margin:0 auto\" \/><figcaption><h3 class=\"has-text-align-center\">Terminal POS financiero<\/h3><p class=\"has-text-align-center\">POS tradicional\/inteligente, est\u00e1ndar UnionPay, alta seguridad<\/p><div class=\"wp-block-buttons\" style=\"justify-content:center\"><div class=\"wp-block-button\"><a class=\"wp-block-button__link wp-element-button\" href=\"\/products\/pos\/\">Ingresa a la categor\u00eda<\/a><\/div><\/div><\/figcaption><\/figure><\/div><div class=\"wp-block-column is-layout-flow wp-block-column-is-layout-flow\"><figure class=\"wp-block-image size-large\" style=\"text-align:center;background:#fff;border-radius:12px;padding:24px\"><img decoding=\"async\" src=\"\/wp-content\/uploads\/2025\/10\/SD320.png\" alt=\"terminal de c\u00f3digo de escaneo\" style=\"max-width:320px;height:auto;margin:0 auto\" \/><figcaption><h3 class=\"has-text-align-center\">terminal de c\u00f3digo de escaneo<\/h3><p class=\"has-text-align-center\">Escaneo de c\u00f3digos multiescenario port\u00e1til\/fijo<\/p><div class=\"wp-block-buttons\" style=\"justify-content:center\"><div class=\"wp-block-button\"><a class=\"wp-block-button__link wp-element-button\" href=\"\/products\/scanner\/\">Ingresa a la categor\u00eda<\/a><\/div><\/div><\/figcaption><\/figure><\/div><div class=\"wp-block-column is-layout-flow wp-block-column-is-layout-flow\"><figure class=\"wp-block-image size-large\" style=\"text-align:center;background:#fff;border-radius:12px;padding:24px\"><img decoding=\"async\" src=\"\/wp-content\/uploads\/2025\/10\/SP710.png\" alt=\"caja registradora inteligente\" style=\"max-width:320px;height:auto;margin:0 auto\" \/><figcaption><h3 class=\"has-text-align-center\">caja registradora inteligente<\/h3><p class=\"has-text-align-center\">Cajero eficiente integrado con pantalla \u00fanica\/doble<\/p><div class=\"wp-block-buttons\" style=\"justify-content:center\"><div class=\"wp-block-button\"><a class=\"wp-block-button__link wp-element-button\" href=\"\/products\/cashier\/\">Ingresa a la categor\u00eda<\/a><\/div><\/div><\/figcaption><\/figure><\/div><\/div><div class=\"wp-block-columns is-layout-flex wp-container-core-columns-is-layout-9d6595d7 wp-block-columns-is-layout-flex\"><div class=\"wp-block-column is-layout-flow wp-block-column-is-layout-flow\"><figure class=\"wp-block-image size-large\" style=\"text-align:center;background:#fff;border-radius:12px;padding:24px\"><img decoding=\"async\" src=\"\/wp-content\/uploads\/2025\/10\/CS85.png\" alt=\"altavoz en la nube\" style=\"max-width:320px;height:auto;margin:0 auto\" \/><figcaption><h3 class=\"has-text-align-center\">altavoz en la nube<\/h3><p class=\"has-text-align-center\">Transmisi\u00f3n de IA, recordatorio de pago\/pedido<\/p><div class=\"wp-block-buttons\" style=\"justify-content:center\"><div class=\"wp-block-button\"><a class=\"wp-block-button__link wp-element-button\" href=\"\/products\/speaker\/\">Ingresa a la categor\u00eda<\/a><\/div><\/div><\/figcaption><\/figure><\/div><div class=\"wp-block-column is-layout-flow wp-block-column-is-layout-flow\"><figure class=\"wp-block-image size-large\" style=\"text-align:center;background:#fff;border-radius:12px;padding:24px\"><img decoding=\"async\" src=\"\/wp-content\/uploads\/2025\/10\/PA650.png\" alt=\"impresora en la nube\" style=\"max-width:320px;height:auto;margin:0 auto\" \/><figcaption><h3 class=\"has-text-align-center\">impresora en la nube<\/h3><p class=\"has-text-align-center\">Impresi\u00f3n directa de tickets\/etiquetas en la nube<\/p><div class=\"wp-block-buttons\" style=\"justify-content:center\"><div class=\"wp-block-button\"><a class=\"wp-block-button__link wp-element-button\" href=\"\/products\/printer\/\">Ingresa a la categor\u00eda<\/a><\/div><\/div><\/figcaption><\/figure><\/div><\/div><div style=\"height:20px\" aria-hidden=\"true\" class=\"wp-block-spacer\"><\/div>","protected":false},"excerpt":{"rendered":"<p>Centro de productos Cubriendo m\u00faltiples escenarios, como pago, escaneo de c\u00f3digos QR, cajero y dispositivos en la nube. Terminal POS financiero POS tradicional\/inteligente, est\u00e1ndar UnionPay, alta seguridad Ingresa a la categor\u00eda terminal de c\u00f3digo de escaneo Escaneo de c\u00f3digos multiescenario port\u00e1til\/fijo Ingresa a la categor\u00eda caja registradora inteligente Cajero eficiente integrado con pantalla \u00fanica\/doble Ingresa&#8230;<\/p>\n","protected":false},"author":0,"featured_media":0,"parent":0,"menu_order":0,"comment_status":"closed","ping_status":"closed","template":"","meta":{"_kad_post_transparent":"","_kad_post_title":"hide","_kad_post_layout":"fullwidth","_kad_post_sidebar_id":"","_kad_post_content_style":"","_kad_post_vertical_padding":"","_kad_post_feature":"","_kad_post_feature_position":"","_kad_post_header":false,"_kad_post_footer":false,"_kad_post_classname":"","footnotes":""},"class_list":["post-1883","page","type-page","status-publish","hentry"],"_links":{"self":[{"href":"https:\/\/alited.com\/es\/wp-json\/wp\/v2\/pages\/1883","targetHints":{"allow":["GET"]}}],"collection":[{"href":"https:\/\/alited.com\/es\/wp-json\/wp\/v2\/pages"}],"about":[{"href":"https:\/\/alited.com\/es\/wp-json\/wp\/v2\/types\/page"}],"replies":[{"embeddable":true,"href":"https:\/\/alited.com\/es\/wp-json\/wp\/v2\/comments?post=1883"}],"version-history":[{"count":0,"href":"https:\/\/alited.com\/es\/wp-json\/wp\/v2\/pages\/1883\/revisions"}],"wp:attachment":[{"href":"https:\/\/alited.com\/es\/wp-json\/wp\/v2\/media?parent=1883"}],"curies":[{"name":"wp","href":"https:\/\/api.w.org\/{rel}","templated":true}]}}