{"id":1923,"date":"2025-11-13T04:45:18","date_gmt":"2025-11-13T04:45:18","guid":{"rendered":"https:\/\/alited.com\/about\/"},"modified":"2025-11-17T02:47:13","modified_gmt":"2025-11-17T02:47:13","slug":"about","status":"publish","type":"page","link":"https:\/\/alited.com\/es\/about\/","title":{"rendered":"Introducci\u00f3n de la empresa"},"content":{"rendered":"\n<div style=\"position:relative;height:400px;background:url(\/wp-content\/uploads\/2025\/10\/banner-1.jpg);background-size:cover;background-position:center;align-items:center;justify-content:center;margin:-40px -20px 40px -20px;border-radius:0\"><div style=\"text-align:center;color:#fff\"><h1 style=\"font-size:48px;font-weight:800;margin:0 0 16px\">Introducci\u00f3n de la empresa<\/h1><p style=\"font-size:20px;margin:0\">Fabricante profesional de terminales de seguridad financiera y comercial inteligentes.<\/p><\/div><\/div>\n\n\n\n<div style=\"max-width:1200px;margin:0 auto;padding:0 20px\">\n<div style=\"background:#fff;border-radius:16px;padding:60px;margin:60px 0\">\n<h2 style=\"text-align:center!important;font-size:32px;font-weight:700;color:#111;margin:0 0 30px\">Perfil de la empresa<\/h2>\n<p style=\"font-size:18px;line-height:1.8;color:#6b7280;margin:0 0 40px;writing-mode:horizontal-tb!important;direction:ltr!important;text-align:left!important\">Alited Technology Co., Ltd., fundada en 2017, es una empresa especializada en el dise\u00f1o, desarrollo, producci\u00f3n y venta de terminales financieros inteligentes, terminales de seguridad comercial y software relacionado.<\/p>\n<p style=\"font-size:18px;line-height:1.8;color:#6b7280;margin:0 0 40px;writing-mode:horizontal-tb!important;direction:ltr!important;text-align:left!important\">La empresa se centra en el dise\u00f1o, la I+D, la producci\u00f3n y la venta de terminales inteligentes de seguridad financiera y comercial relacionados con la seguridad del pago comercial global, el Internet de las cosas y tecnolog\u00edas 4G\/5G. Los productos abarcan principalmente impresoras inteligentes en la nube, dispositivos de pago con c\u00f3digo QR, dispositivos IoT, terminales POS inteligentes y productos OpenHarmony Cintron. La empresa es l\u00edder en el sector del pago en la nube para IoT.<\/p>\n<p style=\"font-size:18px;line-height:1.8;color:#6b7280;margin:0 0 40px;writing-mode:horizontal-tb!important;direction:ltr!important;text-align:left!important\">El 50 % de los empleados de la empresa se dedica a la investigaci\u00f3n y el desarrollo tecnol\u00f3gicos, reuniendo a \u00e9lites t\u00e9cnicas y expertos en pagos que se especializan en protocolos y algoritmos de seguridad, comunicaciones, software, sistemas operativos inteligentes, aplicaciones del sector, tecnolog\u00eda de tarjetas IC y tokens. Todos los empleados en puestos clave tienen m\u00e1s de 10 a\u00f1os de experiencia en el sector. La empresa sigue aumentando la inversi\u00f3n en I+D y ha desarrollado m\u00e1s de 40 patentes tecnol\u00f3gicas y productos de propiedad intelectual independiente relacionados.<\/p>\n<p style=\"font-size:18px;line-height:1.8;color:#6b7280;margin:0 0 40px;writing-mode:horizontal-tb!important;direction:ltr!important;text-align:left!important\">En la actualidad, los principales productos de la empresa incluyen parlantes en la nube, impresoras en la nube, terminales de c\u00f3digos QR, terminales POS inal\u00e1mbricos, terminales POS inteligentes, cajas registradoras Android, alarmas IoT 4G y software relacionado.<\/p>\n<p style=\"font-size:18px;line-height:1.8;color:#6b7280;margin:0;writing-mode:horizontal-tb!important;direction:ltr!important;text-align:left!important\">Nos comprometemos a ofrecer a los usuarios soluciones de pago y comerciales pr\u00e1cticas y eficientes. Como empresa profesional en el \u00e1mbito de las finanzas inteligentes y los terminales de seguridad comercial, proporcionamos una amplia gama de productos terminales y sistemas para clientes de sectores como log\u00edstica, mensajer\u00eda, atenci\u00f3n m\u00e9dica, farmac\u00e9utico, bienes de consumo, venta minorista, comercio electr\u00f3nico, confecci\u00f3n, energ\u00eda y servicios p\u00fablicos.<\/p>\n<\/div>\n<\/div>\n\n\n\n\n.products-grid{display:grid!important;grid-template-columns:repeat(4,1fr)!important;gap:24px!important}\n@media (max-width:1024px){.products-grid{grid-template-columns:repeat(2,1fr)!important}}\n@media (max-width:640px){.products-grid{grid-template-columns:1fr!important}}\n.top-image-card{background:#fff;border:1px solid #e5e7eb;border-radius:12px;padding:24px;display:flex!important;flex-direction:column!important;height:100%}\n.top-image-card h3{font-size:18px;font-weight:600;margin:0;color:#111}\n.top-image-card .card-content{color:#6b7280;line-height:1.6}\n\n\n\n\n<div style=\"max-width:1200px;margin:60px auto 0;padding:0 20px\">\n<h2 style=\"text-align:center!important;font-size:32px;font-weight:700;color:#111;margin:0 0 40px\">Fortaleza de la empresa<\/h2>\n<div class=\"products-grid\">\n<div class=\"top-image-card\" style=\"writing-mode:horizontal-tb!important;direction:ltr!important\">\n<div style=\"display:flex!important;align-items:center;gap:12px;margin-bottom:12px;flex-shrink:0\"><span style=\"font-size:24px;flex-shrink:0\">\ud83c\udfc6<\/span><h3 style=\"writing-mode:horizontal-tb!important;direction:ltr!important\">Empresa nacional de alta tecnolog\u00eda<\/h3><\/div>\n<p class=\"card-content\" style=\"writing-mode:horizontal-tb!important;direction:ltr!important\">Obtuvo la certificaci\u00f3n de empresa nacional de alta tecnolog\u00eda y fue reconocida por su innovaci\u00f3n tecnol\u00f3gica y capacidad de I+D.<\/p>\n<\/div>\n<div class=\"top-image-card\" style=\"writing-mode:horizontal-tb!important;direction:ltr!important\">\n<div style=\"display:flex!important;align-items:center;gap:12px;margin-bottom:12px;flex-shrink:0\"><span style=\"font-size:24px;flex-shrink:0\">\u2b50<\/span><h3 style=\"writing-mode:horizontal-tb!important;direction:ltr!important\">Empresa especializada y nueva de la provincia de Guangdong<\/h3><\/div>\n<p class=\"card-content\" style=\"writing-mode:horizontal-tb!important;direction:ltr!important\">Obtuvo la certificaci\u00f3n de empresa especializada y nueva de la provincia de Guangdong y destaca en especializaci\u00f3n, refinamiento, diferenciaci\u00f3n y novedad.<\/p>\n<\/div>\n<div class=\"top-image-card\" style=\"writing-mode:horizontal-tb!important;direction:ltr!important\">\n<div style=\"display:flex!important;align-items:center;gap:12px;margin-bottom:12px;flex-shrink:0\"><span style=\"font-size:24px;flex-shrink:0\">\u2705<\/span><h3 style=\"writing-mode:horizontal-tb!important;direction:ltr!important\">M\u00faltiples certificaciones<\/h3><\/div>\n<p class=\"card-content\" style=\"writing-mode:horizontal-tb!important;direction:ltr!important\">Super\u00f3 las certificaciones de los sistemas de calidad ISO9001, ISO14001 e ISO45001, as\u00ed como la certificaci\u00f3n de calificaci\u00f3n empresarial de terminales de aceptaci\u00f3n de tarjetas UnionPay.<\/p>\n<\/div>\n<div class=\"top-image-card\" style=\"writing-mode:horizontal-tb!important;direction:ltr!important\">\n<div style=\"display:flex!important;align-items:center;gap:12px;margin-bottom:12px;flex-shrink:0\"><span style=\"font-size:24px;flex-shrink:0\">\ud83d\udcdc<\/span><h3 style=\"writing-mode:horizontal-tb!important;direction:ltr!important\">Patentes y derechos de autor<\/h3><\/div>\n<p class=\"card-content\" style=\"writing-mode:horizontal-tb!important;direction:ltr!important\">Cuenta con m\u00e1s de 40 patentes y derechos de autor de software, instalaciones de producci\u00f3n avanzadas y una s\u00f3lida capacidad t\u00e9cnica, con una producci\u00f3n anual que supera los 10 millones de unidades.<\/p>\n<\/div>\n<\/div>\n<\/div>\n\n\n\n<div style=\"max-width:1200px;margin:60px auto 0;padding:0 20px\">\n<h2 style=\"text-align:center!important;font-size:32px;font-weight:700;color:#111;margin:0 0 40px\">Hitos de la empresa<\/h2>\n<div style=\"display:grid;grid-template-columns:repeat(auto-fit,minmax(300px,1fr));gap:32px\">\n<div style=\"background:#fff;border:1px solid #e5e7eb;border-radius:16px;padding:32px;writing-mode:horizontal-tb!important;direction:ltr!important\">\n<div style=\"width:100px;height:100px;background:linear-gradient(135deg,#f97316,#ef6a0d);border-radius:50%;margin:0 auto 20px;display:flex;align-items:center;justify-content:center\"><span style=\"font-size:28px;font-weight:800;color:#fff\">2017<\/span><\/div>\n<h3 style=\"font-size:20px;font-weight:600;margin:0 0 12px;color:#111;writing-mode:horizontal-tb!important;direction:ltr!important;text-align:center\">Fundaci\u00f3n de la empresa<\/h3>\n<p style=\"color:#6b7280;line-height:1.6;writing-mode:horizontal-tb!important;direction:ltr!important;text-align:center;margin:0\">Alited Technology fue fundada por un equipo central con m\u00e1s de 20 a\u00f1os de experiencia en pagos.<\/p>\n<\/div>\n<div style=\"background:#fff;border:1px solid #e5e7eb;border-radius:16px;padding:32px;writing-mode:horizontal-tb!important;direction:ltr!important\">\n<div style=\"width:100px;height:100px;background:linear-gradient(135deg,#f97316,#ef6a0d);border-radius:50%;margin:0 auto 20px;display:flex;align-items:center;justify-content:center\"><span style=\"font-size:28px;font-weight:800;color:#fff\">2018<\/span><\/div>\n<h3 style=\"font-size:20px;font-weight:600;margin:0 0 12px;color:#111;writing-mode:horizontal-tb!important;direction:ltr!important;text-align:center\">Certificaci\u00f3n de UnionPay<\/h3>\n<p style=\"color:#6b7280;line-height:1.6;writing-mode:horizontal-tb!important;direction:ltr!important;text-align:center;margin:0\">Aprob\u00f3 la certificaci\u00f3n \u00abGesti\u00f3n de la seguridad y la calidad del ciclo de vida de los productos de terminales de aceptaci\u00f3n de tarjetas UnionPay\u00bb y obtuvo las calificaciones empresariales de fabricaci\u00f3n de terminales POS de UnionPay.<\/p>\n<\/div>\n<div style=\"background:#fff;border:1px solid #e5e7eb;border-radius:16px;padding:32px;writing-mode:horizontal-tb!important;direction:ltr!important\">\n<div style=\"width:100px;height:100px;background:linear-gradient(135deg,#f97316,#ef6a0d);border-radius:50%;margin:0 auto 20px;display:flex;align-items:center;justify-content:center\"><span style=\"font-size:28px;font-weight:800;color:#fff\">2019<\/span><\/div>\n<h3 style=\"font-size:20px;font-weight:600;margin:0 0 12px;color:#111;writing-mode:horizontal-tb!important;direction:ltr!important;text-align:center\">Lanzamiento de productos<\/h3>\n<p style=\"color:#6b7280;line-height:1.6;writing-mode:horizontal-tb!important;direction:ltr!important;text-align:center;margin:0\">Complet\u00f3 el dise\u00f1o, desarrollo y producci\u00f3n a gran escala de cinco productos: terminales de parlantes en la nube 2G\/WiFi CS80, CS81 y CS82.<\/p>\n<\/div>\n<div style=\"background:#fff;border:1px solid #e5e7eb;border-radius:16px;padding:32px;writing-mode:horizontal-tb!important;direction:ltr!important\">\n<div style=\"width:100px;height:100px;background:linear-gradient(135deg,#f97316,#ef6a0d);border-radius:50%;margin:0 auto 20px;display:flex;align-items:center;justify-content:center\"><span style=\"font-size:28px;font-weight:800;color:#fff\">2020<\/span><\/div>\n<h3 style=\"font-size:20px;font-weight:600;margin:0 0 12px;color:#111;writing-mode:horizontal-tb!important;direction:ltr!important;text-align:center\">Certificaci\u00f3n de sistemas<\/h3>\n<p style=\"color:#6b7280;line-height:1.6;writing-mode:horizontal-tb!important;direction:ltr!important;text-align:center;margin:0\">Obtuvo las certificaciones ISO9001, ISO14001 e ISO45001, consigui\u00f3 22 patentes, super\u00f3 los 2 millones de unidades enviadas y lanz\u00f3 los parlantes en la nube 4G y las impresoras en la nube CPS70, CS85 y CS86.<\/p>\n<\/div>\n<div style=\"background:#fff;border:1px solid #e5e7eb;border-radius:16px;padding:32px;writing-mode:horizontal-tb!important;direction:ltr!important\">\n<div style=\"width:100px;height:100px;background:linear-gradient(135deg,#f97316,#ef6a0d);border-radius:50%;margin:0 auto 20px;display:flex;align-items:center;justify-content:center\"><span style=\"font-size:28px;font-weight:800;color:#fff\">2021<\/span><\/div>\n<h3 style=\"font-size:20px;font-weight:600;margin:0 0 12px;color:#111;writing-mode:horizontal-tb!important;direction:ltr!important;text-align:center\">Honores corporativos<\/h3>\n<p style=\"color:#6b7280;line-height:1.6;writing-mode:horizontal-tb!important;direction:ltr!important;text-align:center;margin:0\">Obtuvo los t\u00edtulos de \u00abEmpresa nacional de alta tecnolog\u00eda\u00bb y \u00abEmpresa especializada y nueva de la provincia de Guangdong\u00bb, alcanz\u00f3 los 3,5 millones de unidades enviadas y lanz\u00f3 el primer terminal POS inal\u00e1mbrico y los terminales de c\u00f3digo QR ES600, SD300 y SD320.<\/p>\n<\/div>\n<div style=\"background:#fff;border:1px solid #e5e7eb;border-radius:16px;padding:32px;writing-mode:horizontal-tb!important;direction:ltr!important\">\n<div style=\"width:100px;height:100px;background:linear-gradient(135deg,#f97316,#ef6a0d);border-radius:50%;margin:0 auto 20px;display:flex;align-items:center;justify-content:center\"><span style=\"font-size:28px;font-weight:800;color:#fff\">2022<\/span><\/div>\n<h3 style=\"font-size:20px;font-weight:600;margin:0 0 12px;color:#111;writing-mode:horizontal-tb!important;direction:ltr!important;text-align:center\">Certificaciones internacionales<\/h3>\n<p style=\"color:#6b7280;line-height:1.6;writing-mode:horizontal-tb!important;direction:ltr!important;text-align:center;margin:0\">Obtuvo las certificaciones PCI, EMV, PayPass y PayWave, y lanz\u00f3 el POS inteligente SP580 con una capacidad de producci\u00f3n anual superior a 10 millones de unidades.<\/p>\n<\/div>\n<div style=\"background:#fff;border:1px solid #e5e7eb;border-radius:16px;padding:32px;writing-mode:horizontal-tb!important;direction:ltr!important\">\n<div style=\"width:100px;height:100px;background:linear-gradient(135deg,#f97316,#ef6a0d);border-radius:50%;margin:0 auto 20px;display:flex;align-items:center;justify-content:center\"><span style=\"font-size:28px;font-weight:800;color:#fff\">2023<\/span><\/div>\n<h3 style=\"font-size:20px;font-weight:600;margin:0 0 12px;color:#111;writing-mode:horizontal-tb!important;direction:ltr!important;text-align:center\">Expansi\u00f3n internacional<\/h3>\n<p style=\"color:#6b7280;line-height:1.6;writing-mode:horizontal-tb!important;direction:ltr!important;text-align:center;margin:0\">Lanz\u00f3 el terminal inteligente PA650 e inici\u00f3 las entregas en el extranjero.<\/p>\n<\/div>\n<div style=\"background:#fff;border:1px solid #e5e7eb;border-radius:16px;padding:32px;writing-mode:horizontal-tb!important;direction:ltr!important\">\n<div style=\"width:100px;height:100px;background:linear-gradient(135deg,#f97316,#ef6a0d);border-radius:50%;margin:0 auto 20px;display:flex;align-items:center;justify-content:center\"><span style=\"font-size:28px;font-weight:800;color:#fff\">2024<\/span><\/div>\n<h3 style=\"font-size:20px;font-weight:600;margin:0 0 12px;color:#111;writing-mode:horizontal-tb!important;direction:ltr!important;text-align:center\">Productos innovadores<\/h3>\n<p style=\"color:#6b7280;line-height:1.6;writing-mode:horizontal-tb!important;direction:ltr!important;text-align:center;margin:0\">Lanz\u00f3 SoftPOS, terminales inteligentes y quioscos.<\/p>\n<\/div>\n<div style=\"background:#fff;border:1px solid #e5e7eb;border-radius:16px;padding:32px;writing-mode:horizontal-tb!important;direction:ltr!important\">\n<div style=\"width:100px;height:100px;background:linear-gradient(135deg,#f97316,#ef6a0d);border-radius:50%;margin:0 auto 20px;display:flex;align-items:center;justify-content:center\"><span style=\"font-size:28px;font-weight:800;color:#fff\">2025<\/span><\/div>\n<h3 style=\"font-size:20px;font-weight:600;margin:0 0 12px;color:#111;writing-mode:horizontal-tb!important;direction:ltr!important;text-align:center\">Innovaci\u00f3n continua<\/h3>\n<p style=\"color:#6b7280;line-height:1.6;writing-mode:horizontal-tb!important;direction:ltr!important;text-align:center;margin:0\">Pr\u00f3ximamente se lanzar\u00e1n nuevos productos.<\/p>\n<\/div>\n<\/div>\n<\/div>\n\n\n\n<div style=\"max-width:1200px;margin:60px auto 0;padding:0 20px\">\n<h2 style=\"text-align:center!important;font-size:32px;font-weight:700;color:#111;margin:0 0 40px\">Caracter\u00edsticas<\/h2>\n<\/div>\n\n\n\n<div style=\"max-width:1200px;margin:0 auto;padding:0 20px\">\n<h2 style=\"text-align:center!important;font-size:28px;font-weight:700;color:#111;margin:0 0 30px\">Tecnolog\u00eda avanzada y segura<\/h2>\n<div class=\"products-grid\">\n<div class=\"top-image-card\" style=\"writing-mode:horizontal-tb!important;direction:ltr!important\">\n<div style=\"display:flex!important;align-items:center;gap:12px;margin-bottom:12px;flex-shrink:0\"><span style=\"font-size:24px;flex-shrink:0\">\u26a1<\/span><h3 style=\"writing-mode:horizontal-tb!important;direction:ltr!important\">Especificaciones t\u00e9cnicas de alto rendimiento<\/h3><\/div>\n<p class=\"card-content\" style=\"writing-mode:horizontal-tb!important;direction:ltr!important\">CPU de alto rendimiento, memoria de gran capacidad, velocidad de impresi\u00f3n r\u00e1pida, velocidad de transacci\u00f3n veloz y bater\u00eda de litio de larga duraci\u00f3n.<\/p>\n<\/div>\n<div class=\"top-image-card\" style=\"writing-mode:horizontal-tb!important;direction:ltr!important\">\n<div style=\"display:flex!important;align-items:center;gap:12px;margin-bottom:12px;flex-shrink:0\"><span style=\"font-size:24px;flex-shrink:0\">\ud83d\udd12<\/span><h3 style=\"writing-mode:horizontal-tb!important;direction:ltr!important\">Alta seguridad<\/h3><\/div>\n<p class=\"card-content\" style=\"writing-mode:horizontal-tb!important;direction:ltr!important\">Cumple con las normas EMV, PBOC y UPTS, cuenta con la certificaci\u00f3n de organismos pertinentes y cumple con las normas CCC, PCI PTS, PayPass, PayWave, DISCOVER, CE y RoHS.<\/p>\n<\/div>\n<div class=\"top-image-card\" style=\"writing-mode:horizontal-tb!important;direction:ltr!important\">\n<div style=\"display:flex!important;align-items:center;gap:12px;margin-bottom:12px;flex-shrink:0\"><span style=\"font-size:24px;flex-shrink:0\">\ud83c\udfed<\/span><h3 style=\"writing-mode:horizontal-tb!important;direction:ltr!important\">Certificaci\u00f3n del sistema de calidad<\/h3><\/div>\n<p class=\"card-content\" style=\"writing-mode:horizontal-tb!important;direction:ltr!important\">La f\u00e1brica cuenta con la certificaci\u00f3n del sistema de calidad ISO9001, cuenta con instalaciones avanzadas y una s\u00f3lida capacidad t\u00e9cnica, y ofrece productos con alta calidad y seguridad.<\/p>\n<\/div>\n<div class=\"top-image-card\" style=\"writing-mode:horizontal-tb!important;direction:ltr!important\">\n<div style=\"display:flex!important;align-items:center;gap:12px;margin-bottom:12px;flex-shrink:0\"><span style=\"font-size:24px;flex-shrink:0\">\ud83d\udcdc<\/span><h3 style=\"writing-mode:horizontal-tb!important;direction:ltr!important\">Certificaciones y patentes<\/h3><\/div>\n<p class=\"card-content\" style=\"writing-mode:horizontal-tb!important;direction:ltr!important\">Super\u00f3 las certificaciones ISO9001, ISO14001 e ISO45001, as\u00ed como la certificaci\u00f3n de terminales de aceptaci\u00f3n de tarjetas UnionPay, y cuenta con m\u00e1s de 40 patentes y derechos de autor de software.<\/p>\n<\/div>\n<\/div>\n<\/div>\n\n\n\n<div style=\"max-width:1200px;margin:60px auto 0;padding:0 20px\">\n<h2 style=\"text-align:center!important;font-size:28px;font-weight:700;color:#111;margin:0 0 30px\">Dise\u00f1o centrado en el cliente<\/h2>\n<div class=\"products-grid\">\n<div class=\"top-image-card\" style=\"writing-mode:horizontal-tb!important;direction:ltr!important\">\n<div style=\"display:flex!important;align-items:center;gap:12px;margin-bottom:12px;flex-shrink:0\"><span style=\"font-size:24px;flex-shrink:0\">\ud83d\udc65<\/span><h3 style=\"writing-mode:horizontal-tb!important;direction:ltr!important\">Orientaci\u00f3n a las necesidades del cliente<\/h3><\/div>\n<p class=\"card-content\" style=\"writing-mode:horizontal-tb!important;direction:ltr!important\">Los productos se dise\u00f1an siguiendo el principio de las necesidades del cliente. Todos los terminales de pago electr\u00f3nico adoptan un dise\u00f1o ergon\u00f3mico.<\/p>\n<\/div>\n<div class=\"top-image-card\" style=\"writing-mode:horizontal-tb!important;direction:ltr!important\">\n<div style=\"display:flex!important;align-items:center;gap:12px;margin-bottom:12px;flex-shrink:0\"><span style=\"font-size:24px;flex-shrink:0\">\ud83c\udfa8<\/span><h3 style=\"writing-mode:horizontal-tb!important;direction:ltr!important\">Equipo de dise\u00f1o profesional<\/h3><\/div>\n<p class=\"card-content\" style=\"writing-mode:horizontal-tb!important;direction:ltr!important\">Contamos con un equipo profesional de dise\u00f1o e I+D que analiza las necesidades desde la perspectiva del cliente y dise\u00f1a productos que se adaptan a distintos escenarios de uso.<\/p>\n<\/div>\n<div class=\"top-image-card\" style=\"writing-mode:horizontal-tb!important;direction:ltr!important\">\n<div style=\"display:flex!important;align-items:center;gap:12px;margin-bottom:12px;flex-shrink:0\"><span style=\"font-size:24px;flex-shrink:0\">\ud83d\udd04<\/span><h3 style=\"writing-mode:horizontal-tb!important;direction:ltr!important\">Actualizaciones de aplicaciones<\/h3><\/div>\n<p class=\"card-content\" style=\"writing-mode:horizontal-tb!important;direction:ltr!important\">Equipados con plataformas y productos de software profesionales, ayudan a los clientes a actualizar el software de forma remota, utilizar la plataforma m\u00e1s reciente y operar con facilidad.<\/p>\n<\/div>\n<div class=\"top-image-card\" style=\"writing-mode:horizontal-tb!important;direction:ltr!important\">\n<div style=\"display:flex!important;align-items:center;gap:12px;margin-bottom:12px;flex-shrink:0\"><span style=\"font-size:24px;flex-shrink:0\">\ud83d\udcbb<\/span><h3 style=\"writing-mode:horizontal-tb!important;direction:ltr!important\">Sistema de gesti\u00f3n de terminales<\/h3><\/div>\n<p class=\"card-content\" style=\"writing-mode:horizontal-tb!important;direction:ltr!important\">La plataforma de software IOTMS desarrollada internamente brinda servicios avanzados de gesti\u00f3n de terminales; RKL ofrece gesti\u00f3n y activaci\u00f3n remota de claves, y AppStore proporciona revisi\u00f3n, publicaci\u00f3n, distribuci\u00f3n y gesti\u00f3n de aplicaciones.<\/p>\n<\/div>\n<\/div>\n<\/div>\n\n\n\n<div style=\"max-width:1200px;margin:60px auto 0;padding:0 20px\">\n<div style=\"background:linear-gradient(135deg,#f97316,#ef6a0d);border-radius:20px;padding:60px;text-align:center;color:#fff\">\n<h2 style=\"font-size:32px;font-weight:700;margin:0 0 20px;writing-mode:horizontal-tb!important;direction:ltr!important\">Nuestra misi\u00f3n<\/h2>\n<p style=\"font-size:20px;line-height:1.6;margin:0;opacity:0.9;writing-mode:horizontal-tb!important;direction:ltr!important\">Enfocarnos en la capacidad de I+D de tecnolog\u00edas de pago innovadoras, proporcionar productos fiables y excepcionales a los socios y promover los pagos seguros.<\/p>\n<\/div>\n<\/div>\n\n","protected":false},"excerpt":{"rendered":"<p>Introducci\u00f3n de la empresa Fabricante profesional de terminales de seguridad financiera y comercial inteligentes. Perfil de la empresa Alited Technology Co., Ltd., fundada en 2017, es una empresa especializada en el dise\u00f1o, desarrollo, producci\u00f3n y venta de terminales financieros inteligentes, terminales de seguridad comercial y software relacionado. La empresa se centra en el dise\u00f1o, la&#8230;<\/p>\n","protected":false},"author":1,"featured_media":0,"parent":0,"menu_order":0,"comment_status":"closed","ping_status":"closed","template":"","meta":{"_kad_post_transparent":"","_kad_post_title":"hide","_kad_post_layout":"fullwidth","_kad_post_sidebar_id":"","_kad_post_content_style":"","_kad_post_vertical_padding":"","_kad_post_feature":"","_kad_post_feature_position":"","_kad_post_header":false,"_kad_post_footer":false,"_kad_post_classname":"","footnotes":""},"class_list":["post-1923","page","type-page","status-publish","hentry"],"_links":{"self":[{"href":"https:\/\/alited.com\/es\/wp-json\/wp\/v2\/pages\/1923","targetHints":{"allow":["GET"]}}],"collection":[{"href":"https:\/\/alited.com\/es\/wp-json\/wp\/v2\/pages"}],"about":[{"href":"https:\/\/alited.com\/es\/wp-json\/wp\/v2\/types\/page"}],"author":[{"embeddable":true,"href":"https:\/\/alited.com\/es\/wp-json\/wp\/v2\/users\/1"}],"replies":[{"embeddable":true,"href":"https:\/\/alited.com\/es\/wp-json\/wp\/v2\/comments?post=1923"}],"version-history":[{"count":4,"href":"https:\/\/alited.com\/es\/wp-json\/wp\/v2\/pages\/1923\/revisions"}],"predecessor-version":[{"id":3776,"href":"https:\/\/alited.com\/es\/wp-json\/wp\/v2\/pages\/1923\/revisions\/3776"}],"wp:attachment":[{"href":"https:\/\/alited.com\/es\/wp-json\/wp\/v2\/media?parent=1923"}],"curies":[{"name":"wp","href":"https:\/\/api.w.org\/{rel}","templated":true}]}}