{"id":1957,"date":"2025-10-21T09:46:04","date_gmt":"2025-10-21T09:46:04","guid":{"rendered":"https:\/\/alited.com\/contact\/"},"modified":"2025-11-14T06:32:12","modified_gmt":"2025-11-14T06:32:12","slug":"contact","status":"publish","type":"page","link":"https:\/\/alited.com\/es\/contact\/","title":{"rendered":"Cont\u00e1ctenos"},"content":{"rendered":"\n\n<div class=\"contact-page-wrapper\" style=\"max-width: 1200px; margin: 0 auto; padding: 40px 20px;\">\n<div class=\"contact-layout\" style=\"display: grid; grid-template-columns: 1fr 1fr; gap: 60px; align-items: start;\">\n<!-- Izquierda: Historia del desarrollo de la empresa -->\n<div class=\"history-section\">\n<h2 style=\"font-size: 32px; font-weight: bold; color: #ff6600; margin-bottom: 30px;\">Historia del desarrollo de la empresa<\/h2>\n<div class=\"history-list\" style=\"position: relative; padding-left: 30px;\">\n<div style=\"position: absolute; left: 0; top: 0; bottom: 0; width: 2px; background: #e0e0e0;\"><\/div>\n<div style=\"margin-bottom: 30px; position: relative;\">\n<div style=\"position: absolute; left: -35px; top: 5px; width: 12px; height: 12px; border-radius: 50%; background: #ff6600; border: 3px solid #fff; box-shadow: 0 0 0 2px #ff6600;\"><\/div>\n<p style=\"margin: 0 0 8px 0;\"><strong style=\"font-size: 18px;\">2017<\/strong><\/p>\n<p style=\"margin: 0; color: #666; line-height: 1.6;\">Alited fue fundada por un equipo central con m\u00e1s de 20 a\u00f1os de experiencia en la industria de pagos<\/p>\n<\/div>\n<div style=\"margin-bottom: 30px; position: relative;\">\n<div style=\"position: absolute; left: -35px; top: 5px; width: 12px; height: 12px; border-radius: 50%; background: #ff6600; border: 3px solid #fff; box-shadow: 0 0 0 2px #ff6600;\"><\/div>\n<p style=\"margin: 0 0 8px 0;\"><strong style=\"font-size: 18px;\">2018<\/strong><\/p>\n<p style=\"margin: 0; color: #666; line-height: 1.6;\">Alited obtuvo la certificaci\u00f3n de calificaci\u00f3n de fabricante de terminales POS UnionPay<\/p>\n<\/div>\n<div style=\"margin-bottom: 30px; position: relative;\">\n<div style=\"position: absolute; left: -35px; top: 5px; width: 12px; height: 12px; border-radius: 50%; background: #ff6600; border: 3px solid #fff; box-shadow: 0 0 0 2px #ff6600;\"><\/div>\n<p style=\"margin: 0 0 8px 0;\"><strong style=\"font-size: 18px;\">2019<\/strong><\/p>\n<p style=\"margin: 0; color: #666; line-height: 1.6;\">Alited lanz\u00f3 los terminales de altavoz en la nube 2G\/Wi-Fi CS80, CS81, CS82<\/p>\n<\/div>\n<div style=\"margin-bottom: 30px; position: relative;\">\n<div style=\"position: absolute; left: -35px; top: 5px; width: 12px; height: 12px; border-radius: 50%; background: #ff6600; border: 3px solid #fff; box-shadow: 0 0 0 2px #ff6600;\"><\/div>\n<p style=\"margin: 0 0 8px 0;\"><strong style=\"font-size: 18px;\">2020<\/strong><\/p>\n<p style=\"margin: 0; color: #666; line-height: 1.6;\">Obtuvo certificaciones ISO9001\/14001\/45001 y m\u00faltiples patentes<br>Lanz\u00f3 altavoces en la nube 4G e impresoras en la nube<br>Los env\u00edos superaron los 2 millones de unidades<\/p>\n<\/div>\n<div style=\"margin-bottom: 30px; position: relative;\">\n<div style=\"position: absolute; left: -35px; top: 5px; width: 12px; height: 12px; border-radius: 50%; background: #ff6600; border: 3px solid #fff; box-shadow: 0 0 0 2px #ff6600;\"><\/div>\n<p style=\"margin: 0 0 8px 0;\"><strong style=\"font-size: 18px;\">2021<\/strong><\/p>\n<p style=\"margin: 0; color: #666; line-height: 1.6;\">Obtuvo el t\u00edtulo de Empresa Nacional de Alta Tecnolog\u00eda<br>Lanz\u00f3 el primer terminal POS inal\u00e1mbrico y terminal de c\u00f3digo QR<br>Los env\u00edos superaron los 3,5 millones de unidades<\/p>\n<\/div>\n<div style=\"margin-bottom: 30px; position: relative;\">\n<div style=\"position: absolute; left: -35px; top: 5px; width: 12px; height: 12px; border-radius: 50%; background: #ff6600; border: 3px solid #fff; box-shadow: 0 0 0 2px #ff6600;\"><\/div>\n<p style=\"margin: 0 0 8px 0;\"><strong style=\"font-size: 18px;\">2022<\/strong><\/p>\n<p style=\"margin: 0; color: #666; line-height: 1.6;\">Lanz\u00f3 el terminal de pago Android SP580 que admite certificaciones PCI\/EMV\/PayPass\/PayWave<\/p>\n<\/div>\n<div style=\"margin-bottom: 30px; position: relative;\">\n<div style=\"position: absolute; left: -35px; top: 5px; width: 12px; height: 12px; border-radius: 50%; background: #ff6600; border: 3px solid #fff; box-shadow: 0 0 0 2px #ff6600;\"><\/div>\n<p style=\"margin: 0 0 8px 0;\"><strong style=\"font-size: 18px;\">2023<\/strong><\/p>\n<p style=\"margin: 0; color: #666; line-height: 1.6;\">Expandi\u00f3 negocios en el extranjero<\/p>\n<\/div>\n<div style=\"margin-bottom: 30px; position: relative;\">\n<div style=\"position: absolute; left: -35px; top: 5px; width: 12px; height: 12px; border-radius: 50%; background: #ff6600; border: 3px solid #fff; box-shadow: 0 0 0 2px #ff6600;\"><\/div>\n<p style=\"margin: 0 0 8px 0;\"><strong style=\"font-size: 18px;\">2024<\/strong><\/p>\n<p style=\"margin: 0; color: #666; line-height: 1.6;\">Lanz\u00f3 el terminal de pago tradicional ES600, terminal Android PA650, y cajas registradoras Android SP700 y SP710<\/p>\n<\/div>\n<div style=\"margin-bottom: 30px; position: relative;\">\n<div style=\"position: absolute; left: -35px; top: 5px; width: 12px; height: 12px; border-radius: 50%; background: #ff6600; border: 3px solid #fff; box-shadow: 0 0 0 2px #ff6600;\"><\/div>\n<p style=\"margin: 0 0 8px 0;\"><strong style=\"font-size: 18px;\">2025<\/strong><\/p>\n<p style=\"margin: 0; color: #666; line-height: 1.6;\">Lanz\u00f3 terminal de pago Android con teclado<\/p>\n<\/div>\n<\/div>\n<\/div>\n\n<!-- Derecha: Cont\u00e1ctenos -->\n<div class=\"contact-section\">\n<h1 style=\"font-size: 48px; font-weight: bold; color: #ff6600; margin-bottom: 40px; text-align: right;\">Cont\u00e1ctenos<\/h1>\n\n<div style=\"background: #f8f8f8; padding: 30px; border-radius: 8px; margin-bottom: 30px;\">\n<h3 style=\"font-size: 24px; font-weight: 600; margin: 0 0 20px 0;\">Alited (Shenzhen) Technology Co., Ltd.<\/h3>\n<p style=\"margin: 10px 0;\"><strong>L\u00ednea de atenci\u00f3n al cliente:<\/strong><a href=\"tel:0755-33973760\" style=\"color: #ff6600; text-decoration: none;\">0755-33973760<\/a><\/p>\n<p style=\"margin: 10px 0;\"><strong>Correo electr\u00f3nico:<\/strong><a href=\"mailto:market@alited.com\" style=\"color: #ff6600; text-decoration: none;\">market@alited.com<\/a><\/p>\n<p style=\"margin: 10px 0;\"><strong>Direcci\u00f3n:<\/strong>Habitaci\u00f3n 202, Edificio 12, Fase 2, Parque de Software de Shenzhen, Carretera Keji Zhong Er, Shenzhen, Provincia de Guangdong, China<\/p>\n<p style=\"margin: 10px 0;\"><strong>C\u00f3digo postal:<\/strong>518000<\/p>\n<\/div>\n\n<div style=\"display: grid !important; grid-template-columns: repeat(3, 1fr) !important; gap: 20px; margin-bottom: 40px; width: 100%; box-sizing: border-box;\">\n<div style=\"background: #fff; padding: 20px; border-radius: 8px; box-shadow: 0 2px 8px rgba(0,0,0,0.1); text-align: center; min-width: 0; box-sizing: border-box;\">\n<h4 style=\"font-size: 20px; font-weight: 600; margin: 0 0 15px 0; color: #333;\">Shenzhen<\/h4>\n<p style=\"margin: 8px 0; color: #666;\">Contacto: Personal de Alited<\/p>\n<p style=\"margin: 8px 0;\"><a href=\"mailto:market@alited.com\" style=\"color: #ff6600; text-decoration: none;\">market@alited.com<\/a><\/p>\n<\/div>\n<div style=\"background: #fff; padding: 20px; border-radius: 8px; box-shadow: 0 2px 8px rgba(0,0,0,0.1); text-align: center; min-width: 0;\">\n<h4 style=\"font-size: 20px; font-weight: 600; margin: 0 0 15px 0; color: #333;\">Fuzhou<\/h4>\n<p style=\"margin: 8px 0; color: #666;\">Contacto: Sr. Lin<\/p>\n<p style=\"margin: 8px 0;\"><a href=\"mailto:linyy@alited.com\" style=\"color: #ff6600; text-decoration: none;\">linyy@alited.com<\/a><\/p>\n<\/div>\n<div style=\"background: #fff; padding: 20px; border-radius: 8px; box-shadow: 0 2px 8px rgba(0,0,0,0.1); text-align: center; min-width: 0;\">\n<h4 style=\"font-size: 20px; font-weight: 600; margin: 0 0 15px 0; color: #333;\">Zhengzhou<\/h4>\n<p style=\"margin: 8px 0; color: #666;\">Contacto: Sra. Chen<\/p>\n<p style=\"margin: 8px 0;\"><a href=\"mailto:chenle@alited.com\" style=\"color: #ff6600; text-decoration: none;\">chenle@alited.com<\/a><\/p>\n<\/div>\n<\/div>\n<\/div>\n<\/div>\n<\/div>\n\n\n<div style=\"width:100%;height:500px;margin:40px 0;border-radius:8px;overflow:hidden;\">\n<div id=\"contact-map-container\" style=\"width:100%;height:100%;\"><\/div>\n<\/div>\n<!-- Por favor agregue el c\u00f3digo JS del mapa en el bloque HTML a continuaci\u00f3n -->\n\n\n\n<!-- Script del mapa: Por favor agregue el c\u00f3digo AMap JS aqu\u00ed -->\n\n<script type=\"text\/javascript\" src=\"https:\/\/webapi.amap.com\/maps?v=1.3&#038;key=VBGqLTZjAFi7QSq3vnUBuWOBDuauG5nU\"><\/script>\n<script type=\"text\/javascript\">\n(function() {\n    function initContactMap() {\n        var container = document.getElementById('contact-map-container');\n        if (container && typeof AMap !== 'undefined') {\n            var map = new AMap.Map('contact-map-container', {\n                resizeEnable: true,\n                zoom: 15,\n                lang: 'es',\n                center: [113.936480, 22.544360]\n            });\n            var infowindow = new AMap.InfoWindow({\n                content: '<div style=\"padding:10px;\"><span style=\"font-weight: bold;font-size:14px;\">Direcci\u00f3n: Habitaci\u00f3n 202, Edificio 12, Fase 2, Parque de Software de Shenzhen, Carretera Keji Zhong Er, Shenzhen, Provincia de Guangdong, China<\/span><\/div>',\n                offset: new AMap.Pixel(0, -30),\n                size: new AMap.Size(290, 0)\n            });\n            infowindow.open(map, new AMap.LngLat(113.936480, 22.544360));\n            var marker = new AMap.Marker({\n                position: [113.936480, 22.544360]\n            });\n            marker.setMap(map);\n            map.setCenter(marker.getPosition());\n        } else if (container) {\n            setTimeout(initContactMap, 100);\n        }\n    }\n    if (document.readyState === 'loading') {\n        document.addEventListener('DOMContentLoaded', initContactMap);\n    } else {\n        initContactMap();\n    }\n})();\n<\/script>\n\n\n\n\n<style>\n@media (max-width: 768px) {\n    .contact-layout {\n        grid-template-columns: 1fr !important;\n    }\n    .contact-section h1 {\n        text-align: left !important;\n        font-size: 36px !important;\n    }\n    .contact-section > div[style*=\"grid-template-columns: repeat(3\"] {\n        grid-template-columns: 1fr !important;\n    }\n}\n<\/style>\n\n\n\n\n\n","protected":false},"excerpt":{"rendered":"","protected":false},"author":0,"featured_media":0,"parent":0,"menu_order":0,"comment_status":"closed","ping_status":"closed","template":"","meta":{"_kad_post_transparent":"","_kad_post_title":"hide","_kad_post_layout":"fullwidth","_kad_post_sidebar_id":"","_kad_post_content_style":"","_kad_post_vertical_padding":"","_kad_post_feature":"","_kad_post_feature_position":"","_kad_post_header":false,"_kad_post_footer":false,"_kad_post_classname":"","footnotes":""},"class_list":["post-1957","page","type-page","status-publish","hentry"],"_links":{"self":[{"href":"https:\/\/alited.com\/es\/wp-json\/wp\/v2\/pages\/1957","targetHints":{"allow":["GET"]}}],"collection":[{"href":"https:\/\/alited.com\/es\/wp-json\/wp\/v2\/pages"}],"about":[{"href":"https:\/\/alited.com\/es\/wp-json\/wp\/v2\/types\/page"}],"replies":[{"embeddable":true,"href":"https:\/\/alited.com\/es\/wp-json\/wp\/v2\/comments?post=1957"}],"version-history":[{"count":2,"href":"https:\/\/alited.com\/es\/wp-json\/wp\/v2\/pages\/1957\/revisions"}],"predecessor-version":[{"id":3791,"href":"https:\/\/alited.com\/es\/wp-json\/wp\/v2\/pages\/1957\/revisions\/3791"}],"wp:attachment":[{"href":"https:\/\/alited.com\/es\/wp-json\/wp\/v2\/media?parent=1957"}],"curies":[{"name":"wp","href":"https:\/\/api.w.org\/{rel}","templated":true}]}}