{"id":2028,"date":"2025-10-22T11:04:22","date_gmt":"2025-10-22T11:04:22","guid":{"rendered":"https:\/\/alited.com\/pa650\/"},"modified":"2025-11-13T04:49:14","modified_gmt":"2025-11-13T04:49:14","slug":"pa650","status":"publish","type":"page","link":"https:\/\/alited.com\/es\/products\/printer\/pa650\/","title":{"rendered":"Impresora en la nube PA650"},"content":{"rendered":"<div style=\"position:relative;height:400px;background:url(\/wp-content\/uploads\/2025\/10\/4.jpg);background-size:cover;background-position:center;align-items:center;justify-content:center;margin:-40px -20px 40px -20px;border-radius:0\">\n<div style=\"text-align:center;color:#fff\">\n<h1 style=\"font-size:48px;font-weight:800;margin:0 0 16px\">Impresora en la nube PA650<\/h1>\n<p style=\"font-size:20px;margin:0\">Impresora en la nube de Android, impresi\u00f3n de etiquetas de boletos<\/p>\n<\/div>\n<\/div>\n<div style=\"max-width:1200px;margin:0 auto;padding:0 20px\">\n<div style=\"grid-template-columns:1fr 1fr;gap:60px;align-items:start\">\n<div><img decoding=\"async\" src=\"\/wp-content\/uploads\/2025\/10\/PA650.png\" alt=\"Impresora en la nube PA650\" style=\"width:100%;max-width:500px;height:auto;margin:0 auto\" \/><\/div>\n<div>\n<h2 style=\"font-size:28px;font-weight:700;margin:0 0 20px;color:#111\">Caracter\u00edsticas<\/h2>\n<ul style=\"padding:0;margin:0 0 30px\">\n<li style=\"padding:12px 0;border-bottom:1px solid #e5e7eb;align-items:center\"><span style=\"background:#fef3c7;color:#d97706;padding:4px 8px;border-radius:6px;font-size:12px;margin-right:12px\">Androide<\/span>Basado en el sistema Android, admite la expansi\u00f3n de aplicaciones<\/li>\n<li style=\"padding:12px 0;border-bottom:1px solid #e5e7eb;align-items:center\"><span style=\"background:#dbeafe;color:#2563eb;padding:4px 8px;border-radius:6px;font-size:12px;margin-right:12px\">Conexi\u00f3n directa a la nube<\/span>Admite conexi\u00f3n directa a la nube, no se requiere computadora<\/li>\n<li style=\"padding:12px 0;border-bottom:1px solid #e5e7eb;align-items:center\"><span style=\"background:#dcfce7;color:#16a34a;padding:4px 8px;border-radius:6px;font-size:12px;margin-right:12px\">API<\/span>Proporciona una interfaz API est\u00e1ndar para una f\u00e1cil integraci\u00f3n<\/li>\n<li style=\"padding:12px 0;border-bottom:1px solid #e5e7eb;align-items:center\"><span style=\"background:#fce7f3;color:#ec4899;padding:4px 8px;border-radius:6px;font-size:12px;margin-right:12px\">alta velocidad<\/span>Impresi\u00f3n de alta velocidad para mejorar la eficiencia del trabajo<\/li>\n<\/ul>\n<div style=\"gap:16px\"><a style=\"background:#f97316;color:#fff;border-radius:8px;padding:16px 32px;font-weight:600;text-decoration:none;font-size:16px\" href=\"void(0)\" data-gtm=\"product_consult\">Consulta ahora<\/a><a href=\"\/downloads\/catalog\/\" style=\"background:transparent;color:#f97316;border:2px solid #f97316;border-radius:8px;padding:16px 32px;font-weight:600;text-decoration:none;font-size:16px\">Descargar hoja de especificaciones<\/a><\/div>\n<\/div>\n<\/div>\n<div style=\"max-width:1200px;margin:60px auto 0;padding:0 20px\">\n<h2 style=\"text-align:center;font-size:32px;font-weight:700;color:#111;margin:0 0 40px\">Especificaciones t\u00e9cnicas<\/h2>\n<div style=\"background:#fff;border:1px solid #e5e7eb;border-radius:12px;padding:32px\">\n<div style=\"grid-template-columns:repeat(auto-fit,minmax(300px,1fr));gap:24px\">\n<div>\n<h3 style=\"font-size:18px;font-weight:600;margin:0 0 12px;color:#111\">Funci\u00f3n de impresi\u00f3n<\/h3>\n<ul style=\"padding:0;margin:0\">\n<li style=\"padding:8px 0;color:#6b7280\"><strong>M\u00e9todo de impresi\u00f3n:<\/strong>Impresi\u00f3n t\u00e9rmica<\/li>\n<li style=\"padding:8px 0;color:#6b7280\"><strong>Velocidad de impresi\u00f3n:<\/strong>150 mm\/s<\/li>\n<li style=\"padding:8px 0;color:#6b7280\"><strong>Especificaciones del papel:<\/strong>58 mm, 80 mm<\/li>\n<li style=\"padding:8px 0;color:#6b7280\"><strong>Ancho de impresi\u00f3n:<\/strong>58mm<\/li>\n<\/ul>\n<\/div>\n<div>\n<h3 style=\"font-size:18px;font-weight:600;margin:0 0 12px;color:#111\">Configuraci\u00f3n del sistema<\/h3>\n<ul style=\"padding:0;margin:0\">\n<li style=\"padding:8px 0;color:#6b7280\"><strong>procesador:<\/strong>ARMCortex-A53<\/li>\n<li style=\"padding:8px 0;color:#6b7280\"><strong>Memoria:<\/strong>1 GB de RAM<\/li>\n<li style=\"padding:8px 0;color:#6b7280\"><strong>almacenamiento:<\/strong>Flash de 8GB<\/li>\n<li style=\"padding:8px 0;color:#6b7280\"><strong>sistema:<\/strong>Android 8.1<\/li>\n<\/ul>\n<\/div>\n<div>\n<h3 style=\"font-size:18px;font-weight:600;margin:0 0 12px;color:#111\">M\u00e9todo de conexi\u00f3n<\/h3>\n<ul style=\"padding:0;margin:0\">\n<li style=\"padding:8px 0;color:#6b7280\"><strong>red:<\/strong>Wi-Fi, Ethernet<\/li>\n<li style=\"padding:8px 0;color:#6b7280\"><strong>interfaz:<\/strong>USB, puerto serie<\/li>\n<li style=\"padding:8px 0;color:#6b7280\"><strong>fuente de alimentaci\u00f3n:<\/strong>12 VCC<\/li>\n<li style=\"padding:8px 0;color:#6b7280\"><strong>Consumo de energ\u00eda:<\/strong>&lt;10W<\/li>\n<\/ul>\n<\/div>\n<\/div>\n<\/div>\n<\/div>\n","protected":false},"excerpt":{"rendered":"<p>Impresora en la nube PA650 Impresora en la nube de Android, impresi\u00f3n de etiquetas de boletos Caracter\u00edsticas AndroideBasado en el sistema Android, admite la expansi\u00f3n de aplicaciones Conexi\u00f3n directa a la nubeAdmite conexi\u00f3n directa a la nube, no se requiere computadora APIProporciona una interfaz API est\u00e1ndar para una f\u00e1cil integraci\u00f3n alta velocidadImpresi\u00f3n de alta velocidad&#8230;<\/p>\n","protected":false},"author":0,"featured_media":1563,"parent":1647,"menu_order":0,"comment_status":"closed","ping_status":"closed","template":"","meta":{"_kad_post_transparent":"","_kad_post_title":"hide","_kad_post_layout":"fullwidth","_kad_post_sidebar_id":"","_kad_post_content_style":"","_kad_post_vertical_padding":"","_kad_post_feature":"","_kad_post_feature_position":"","_kad_post_header":false,"_kad_post_footer":false,"_kad_post_classname":"","footnotes":""},"class_list":["post-2028","page","type-page","status-publish","has-post-thumbnail","hentry"],"_links":{"self":[{"href":"https:\/\/alited.com\/es\/wp-json\/wp\/v2\/pages\/2028","targetHints":{"allow":["GET"]}}],"collection":[{"href":"https:\/\/alited.com\/es\/wp-json\/wp\/v2\/pages"}],"about":[{"href":"https:\/\/alited.com\/es\/wp-json\/wp\/v2\/types\/page"}],"replies":[{"embeddable":true,"href":"https:\/\/alited.com\/es\/wp-json\/wp\/v2\/comments?post=2028"}],"version-history":[{"count":1,"href":"https:\/\/alited.com\/es\/wp-json\/wp\/v2\/pages\/2028\/revisions"}],"predecessor-version":[{"id":2076,"href":"https:\/\/alited.com\/es\/wp-json\/wp\/v2\/pages\/2028\/revisions\/2076"}],"up":[{"embeddable":true,"href":"https:\/\/alited.com\/es\/wp-json\/wp\/v2\/pages\/1647"}],"wp:featuredmedia":[{"embeddable":true,"href":"https:\/\/alited.com\/es\/wp-json\/wp\/v2\/media\/1563"}],"wp:attachment":[{"href":"https:\/\/alited.com\/es\/wp-json\/wp\/v2\/media?parent=2028"}],"curies":[{"name":"wp","href":"https:\/\/api.w.org\/{rel}","templated":true}]}}