{"id":1878,"date":"2025-11-11T06:46:16","date_gmt":"2025-11-11T06:46:16","guid":{"rendered":"https:\/\/alited.com\/products\/"},"modified":"2025-11-11T06:46:16","modified_gmt":"2025-11-11T06:46:16","slug":"products","status":"publish","type":"page","link":"https:\/\/alited.com\/fr\/products\/","title":{"rendered":"Machine de point de vente, caisse enregistreuse, haut-parleur cloud, s\u00e9rie de produits d&rsquo;imprimante cloud"},"content":{"rendered":"<h1 class=\"wp-block-heading has-text-align-center\">Centre de produits<\/h1><p class=\"has-text-align-center\">Couvrant plusieurs sc\u00e9narios tels que le paiement, la num\u00e9risation de code QR, la caisse et les appareils cloud<\/p><div style=\"height:30px\" aria-hidden=\"true\" class=\"wp-block-spacer\"><\/div><div class=\"wp-block-columns is-layout-flex wp-container-core-columns-is-layout-9d6595d7 wp-block-columns-is-layout-flex\"><div class=\"wp-block-column is-layout-flow wp-block-column-is-layout-flow\"><figure class=\"wp-block-image size-large\" style=\"text-align:center;background:#fff;border-radius:12px;padding:24px\"><img decoding=\"async\" src=\"\/wp-content\/uploads\/2025\/10\/SP580.png\" alt=\"Terminal de point de vente financier\" style=\"max-width:320px;height:auto;margin:0 auto\" \/><figcaption><h3 class=\"has-text-align-center\">Terminal de point de vente financier<\/h3><p class=\"has-text-align-center\">PDV traditionnel\/intelligent, norme UnionPay, haute s\u00e9curit\u00e9<\/p><div class=\"wp-block-buttons\" style=\"justify-content:center\"><div class=\"wp-block-button\"><a class=\"wp-block-button__link wp-element-button\" href=\"\/products\/pos\/\">Entrez la cat\u00e9gorie<\/a><\/div><\/div><\/figcaption><\/figure><\/div><div class=\"wp-block-column is-layout-flow wp-block-column-is-layout-flow\"><figure class=\"wp-block-image size-large\" style=\"text-align:center;background:#fff;border-radius:12px;padding:24px\"><img decoding=\"async\" src=\"\/wp-content\/uploads\/2025\/10\/SD320.png\" alt=\"Terminal \u00e0 scanner les codes\" style=\"max-width:320px;height:auto;margin:0 auto\" \/><figcaption><h3 class=\"has-text-align-center\">Terminal \u00e0 scanner les codes<\/h3><p class=\"has-text-align-center\">Balayage de code multi-sc\u00e9narios portable\/fixe<\/p><div class=\"wp-block-buttons\" style=\"justify-content:center\"><div class=\"wp-block-button\"><a class=\"wp-block-button__link wp-element-button\" href=\"\/products\/scanner\/\">Entrez la cat\u00e9gorie<\/a><\/div><\/div><\/figcaption><\/figure><\/div><div class=\"wp-block-column is-layout-flow wp-block-column-is-layout-flow\"><figure class=\"wp-block-image size-large\" style=\"text-align:center;background:#fff;border-radius:12px;padding:24px\"><img decoding=\"async\" src=\"\/wp-content\/uploads\/2025\/10\/SP710.png\" alt=\"Caisse enregistreuse intelligente\" style=\"max-width:320px;height:auto;margin:0 auto\" \/><figcaption><h3 class=\"has-text-align-center\">Caisse enregistreuse intelligente<\/h3><p class=\"has-text-align-center\">Caisse efficace int\u00e9gr\u00e9e simple\/double \u00e9cran<\/p><div class=\"wp-block-buttons\" style=\"justify-content:center\"><div class=\"wp-block-button\"><a class=\"wp-block-button__link wp-element-button\" href=\"\/products\/cashier\/\">Entrez la cat\u00e9gorie<\/a><\/div><\/div><\/figcaption><\/figure><\/div><\/div><div class=\"wp-block-columns is-layout-flex wp-container-core-columns-is-layout-9d6595d7 wp-block-columns-is-layout-flex\"><div class=\"wp-block-column is-layout-flow wp-block-column-is-layout-flow\"><figure class=\"wp-block-image size-large\" style=\"text-align:center;background:#fff;border-radius:12px;padding:24px\"><img decoding=\"async\" src=\"\/wp-content\/uploads\/2025\/10\/CS85.png\" alt=\"Haut-parleur cloud\" style=\"max-width:320px;height:auto;margin:0 auto\" \/><figcaption><h3 class=\"has-text-align-center\">Haut-parleur cloud<\/h3><p class=\"has-text-align-center\">Diffusion AI, rappel de paiement\/commande<\/p><div class=\"wp-block-buttons\" style=\"justify-content:center\"><div class=\"wp-block-button\"><a class=\"wp-block-button__link wp-element-button\" href=\"\/products\/speaker\/\">Entrez la cat\u00e9gorie<\/a><\/div><\/div><\/figcaption><\/figure><\/div><div class=\"wp-block-column is-layout-flow wp-block-column-is-layout-flow\"><figure class=\"wp-block-image size-large\" style=\"text-align:center;background:#fff;border-radius:12px;padding:24px\"><img decoding=\"async\" src=\"\/wp-content\/uploads\/2025\/10\/PA650.png\" alt=\"imprimante cloud\" style=\"max-width:320px;height:auto;margin:0 auto\" \/><figcaption><h3 class=\"has-text-align-center\">imprimante cloud<\/h3><p class=\"has-text-align-center\">Impression directe de tickets\/\u00e9tiquettes dans le cloud<\/p><div class=\"wp-block-buttons\" style=\"justify-content:center\"><div class=\"wp-block-button\"><a class=\"wp-block-button__link wp-element-button\" href=\"\/products\/printer\/\">Entrez la cat\u00e9gorie<\/a><\/div><\/div><\/figcaption><\/figure><\/div><\/div><div style=\"height:20px\" aria-hidden=\"true\" class=\"wp-block-spacer\"><\/div>","protected":false},"excerpt":{"rendered":"<p>Centre de produits Couvrant plusieurs sc\u00e9narios tels que le paiement, la num\u00e9risation de code QR, la caisse et les appareils cloud Terminal de point de vente financier PDV traditionnel\/intelligent, norme UnionPay, haute s\u00e9curit\u00e9 Entrez la cat\u00e9gorie Terminal \u00e0 scanner les codes Balayage de code multi-sc\u00e9narios portable\/fixe Entrez la cat\u00e9gorie Caisse enregistreuse intelligente Caisse efficace int\u00e9gr\u00e9e&#8230;<\/p>\n","protected":false},"author":0,"featured_media":0,"parent":0,"menu_order":0,"comment_status":"closed","ping_status":"closed","template":"","meta":{"_kad_post_transparent":"","_kad_post_title":"hide","_kad_post_layout":"fullwidth","_kad_post_sidebar_id":"","_kad_post_content_style":"","_kad_post_vertical_padding":"","_kad_post_feature":"","_kad_post_feature_position":"","_kad_post_header":false,"_kad_post_footer":false,"_kad_post_classname":"","footnotes":""},"class_list":["post-1878","page","type-page","status-publish","hentry"],"_links":{"self":[{"href":"https:\/\/alited.com\/fr\/wp-json\/wp\/v2\/pages\/1878","targetHints":{"allow":["GET"]}}],"collection":[{"href":"https:\/\/alited.com\/fr\/wp-json\/wp\/v2\/pages"}],"about":[{"href":"https:\/\/alited.com\/fr\/wp-json\/wp\/v2\/types\/page"}],"replies":[{"embeddable":true,"href":"https:\/\/alited.com\/fr\/wp-json\/wp\/v2\/comments?post=1878"}],"version-history":[{"count":0,"href":"https:\/\/alited.com\/fr\/wp-json\/wp\/v2\/pages\/1878\/revisions"}],"wp:attachment":[{"href":"https:\/\/alited.com\/fr\/wp-json\/wp\/v2\/media?parent=1878"}],"curies":[{"name":"wp","href":"https:\/\/api.w.org\/{rel}","templated":true}]}}