{"id":1914,"date":"2025-11-13T04:45:18","date_gmt":"2025-11-13T04:45:18","guid":{"rendered":"https:\/\/alited.com\/about\/"},"modified":"2025-11-13T09:09:21","modified_gmt":"2025-11-13T09:09:21","slug":"about","status":"publish","type":"page","link":"https:\/\/alited.com\/fr\/about\/","title":{"rendered":"Pr\u00e9sentation de lentreprise"},"content":{"rendered":"\n<div style=\"position:relative;height:400px;background:url(\/wp-content\/uploads\/2025\/10\/banner-1.jpg);background-size:cover;background-position:center;align-items:center;justify-content:center;margin:-40px -20px 40px -20px;border-radius:0\"><div style=\"text-align:center;color:#fff\"><h1 style=\"font-size:48px;font-weight:800;margin:0 0 16px;text-shadow:0 2px 4px rgba(0,0,0,0.5)\">Pr\u00e9sentation de l&rsquo;Entreprise<\/h1><p style=\"font-size:20px;margin:0;text-shadow:0 1px 2px rgba(0,0,0,0.5)\">Fabricant Professionnel de Terminaux Financiers Intelligents et de Terminaux Commerciaux S\u00e9curis\u00e9s<\/p><\/div><\/div>\n\n\n\n<div style=\"max-width:1200px;margin:0 auto;padding:0 20px\">\n<div style=\"background:#fff;border-radius:16px;padding:60px;box-shadow:0 8px 32px rgba(0,0,0,0.1);margin:60px 0\">\n<h2 style=\"text-align:center!important;font-size:32px;font-weight:700;color:#111;margin:0 0 30px\">Aper\u00e7u de l&rsquo;Entreprise<\/h2>\n<p style=\"font-size:18px;line-height:1.8;color:#6b7280;margin:0 0 40px;writing-mode:horizontal-tb!important;direction:ltr!important;text-align:left!important\">Alited Technology Co., Ltd. (\u524d\u6d77\u8054\u5927\u79d1\u6280\u6709\u9650\u516c\u53f8) a \u00e9t\u00e9 fond\u00e9e en 2017, c&rsquo;est une entreprise sp\u00e9cialis\u00e9e dans la conception, le d\u00e9veloppement, la production et la vente de terminaux financiers intelligents, terminaux commerciaux s\u00e9curis\u00e9s et logiciels connexes.<\/p>\n<p style=\"font-size:18px;line-height:1.8;color:#6b7280;margin:0 0 40px;writing-mode:horizontal-tb!important;direction:ltr!important;text-align:left!important\">L&rsquo;entreprise se concentre sur la conception, le d\u00e9veloppement, la production et la vente de terminaux financiers intelligents et terminaux commerciaux s\u00e9curis\u00e9s li\u00e9s \u00e0 la s\u00e9curit\u00e9 des paiements commerciaux mondiaux, \u00e0 l&rsquo;Internet des Objets, \u00e0 4G\/5G et autres technologies. Les produits couvrent principalement les imprimantes cloud intelligentes, les \u00e9quipements de paiement QR code, les \u00e9quipements IoT, les terminaux POS intelligents et les produits OpenHarmony Cintron. L&rsquo;entreprise occupe une position de leader dans l&rsquo;industrie dans le domaine des paiements cloud IoT.<\/p>\n<p style=\"font-size:18px;line-height:1.8;color:#6b7280;margin:0 0 40px;writing-mode:horizontal-tb!important;direction:ltr!important;text-align:left!important\">50% des employ\u00e9s de l&rsquo;entreprise sont engag\u00e9s dans le travail de recherche et d\u00e9veloppement technologique, rassemblant des \u00e9lites techniques et des experts en paiement sp\u00e9cialis\u00e9s dans les protocoles de s\u00e9curit\u00e9 et algorithmes, communications, logiciels, syst\u00e8mes d&rsquo;exploitation intelligents, applications industrielles, technologies de cartes IC et jetons. Tous les employ\u00e9s des postes cl\u00e9s ont plus de 10 ans d&rsquo;exp\u00e9rience dans l&rsquo;industrie. L&rsquo;entreprise continue d&rsquo;augmenter les investissements en R&#038;D, et a actuellement d\u00e9velopp\u00e9 plus de 40 brevets techniques et produits de propri\u00e9t\u00e9 intellectuelle autonomes connexes.<\/p>\n<p style=\"font-size:18px;line-height:1.8;color:#6b7280;margin:0 0 40px;writing-mode:horizontal-tb!important;direction:ltr!important;text-align:left!important\">Actuellement, les principaux produits de l&rsquo;entreprise comprennent les haut-parleurs cloud, imprimantes cloud, terminaux QR code, terminaux POS sans fil, terminaux POS intelligents, caisses enregistreuses Android, alarmes IoT 4G et logiciels connexes.<\/p>\n<p style=\"font-size:18px;line-height:1.8;color:#6b7280;margin:0;writing-mode:horizontal-tb!important;direction:ltr!important;text-align:left!important\">Nous nous engageons \u00e0 fournir aux utilisateurs des solutions de paiement et commerciales pratiques et efficaces. En tant qu&rsquo;entreprise professionnelle dans le domaine des terminaux financiers intelligents et terminaux commerciaux s\u00e9curis\u00e9s, nous fournissons aux clients de diverses industries telles que la logistique, express, m\u00e9dical, pharmaceutique, consommation rapide, vente au d\u00e9tail, e-commerce, v\u00eatements, \u00e9nergie, services publics une large gamme de produits terminaux et syst\u00e8mes.<\/p>\n<\/div>\n<\/div>\n\n\n\n<style>\n.products-grid{display:grid!important;grid-template-columns:repeat(4,1fr)!important;gap:24px!important}\n@media (max-width:1024px){.products-grid{grid-template-columns:repeat(2,1fr)!important}}\n@media (max-width:640px){.products-grid{grid-template-columns:1fr!important}}\n.top-image-card{background:#fff;border:1px solid #e5e7eb;border-radius:12px;padding:24px;display:flex!important;flex-direction:column!important;height:100%}\n.top-image-card h3{font-size:18px;font-weight:600;margin:0;color:#111}\n.top-image-card .card-content{color:#6b7280;line-height:1.6}\n<\/style>\n\n\n\n<div style=\"max-width:1200px;margin:60px auto 0;padding:0 20px\">\n<h2 style=\"text-align:center!important;font-size:32px;font-weight:700;color:#111;margin:0 0 40px\">Force de l&rsquo;Entreprise<\/h2>\n<div class=\"products-grid\">\n<div class=\"top-image-card\" style=\"writing-mode:horizontal-tb!important;direction:ltr!important\">\n<div style=\"display:flex!important;align-items:center;gap:12px;margin-bottom:12px;flex-shrink:0\"><span style=\"font-size:24px;flex-shrink:0\">\ud83c\udfc6<\/span><h3 style=\"writing-mode:horizontal-tb!important;direction:ltr!important\">Entreprise Nationale de Haute Technologie<\/h3><\/div>\n<p class=\"card-content\" style=\"writing-mode:horizontal-tb!important;direction:ltr!important\">Obtention de la certification d&rsquo;Entreprise Nationale de Haute Technologie, reconnue pour l&rsquo;innovation technologique et les capacit\u00e9s de R&#038;D.<\/p>\n<\/div>\n<div class=\"top-image-card\" style=\"writing-mode:horizontal-tb!important;direction:ltr!important\">\n<div style=\"display:flex!important;align-items:center;gap:12px;margin-bottom:12px;flex-shrink:0\"><span style=\"font-size:24px;flex-shrink:0\">\u2b50<\/span><h3 style=\"writing-mode:horizontal-tb!important;direction:ltr!important\">Entreprise Sp\u00e9cialis\u00e9e, Fine, Distinctive et Nouvelle du Guangdong<\/h3><\/div>\n<p class=\"card-content\" style=\"writing-mode:horizontal-tb!important;direction:ltr!important\">Obtention de la certification d&rsquo;Entreprise Sp\u00e9cialis\u00e9e, Fine, Distinctive et Nouvelle du Guangdong, performance exceptionnelle en sp\u00e9cialisation, finesse, distinction et nouveaut\u00e9.<\/p>\n<\/div>\n<div class=\"top-image-card\" style=\"writing-mode:horizontal-tb!important;direction:ltr!important\">\n<div style=\"display:flex!important;align-items:center;gap:12px;margin-bottom:12px;flex-shrink:0\"><span style=\"font-size:24px;flex-shrink:0\">\u2705<\/span><h3 style=\"writing-mode:horizontal-tb!important;direction:ltr!important\">Certifications Multiples<\/h3><\/div>\n<p class=\"card-content\" style=\"writing-mode:horizontal-tb!important;direction:ltr!important\">Passage des certifications de syst\u00e8me de qualit\u00e9 ISO9001, ISO14001, ISO45001 et certification de qualification d&rsquo;entreprise de terminaux d&rsquo;acceptation de cartes UnionPay.<\/p>\n<\/div>\n<div class=\"top-image-card\" style=\"writing-mode:horizontal-tb!important;direction:ltr!important\">\n<div style=\"display:flex!important;align-items:center;gap:12px;margin-bottom:12px;flex-shrink:0\"><span style=\"font-size:24px;flex-shrink:0\">\ud83d\udcdc<\/span><h3 style=\"writing-mode:horizontal-tb!important;direction:ltr!important\">Brevets et Droits d&rsquo;Auteur<\/h3><\/div>\n<p class=\"card-content\" style=\"writing-mode:horizontal-tb!important;direction:ltr!important\">Poss\u00e8de plus de 40 brevets et droits d&rsquo;auteur de logiciels, poss\u00e8de des installations de production avanc\u00e9es et une forte force technique, capacit\u00e9 de production annuelle d\u00e9passant 10 millions d&rsquo;unit\u00e9s.<\/p>\n<\/div>\n<\/div>\n<\/div>\n\n\n\n<div style=\"max-width:1200px;margin:60px auto 0;padding:0 20px\">\n<h2 style=\"text-align:center!important;font-size:32px;font-weight:700;color:#111;margin:0 0 40px\">Jalons de l&rsquo;Entreprise<\/h2>\n<div style=\"display:grid;grid-template-columns:repeat(auto-fit,minmax(300px,1fr));gap:32px\">\n<div style=\"background:#fff;border:1px solid #e5e7eb;border-radius:16px;padding:32px;writing-mode:horizontal-tb!important;direction:ltr!important\">\n<div style=\"width:100px;height:100px;background:linear-gradient(135deg,#f97316,#ef6a0d);border-radius:50%;margin:0 auto 20px;display:flex;align-items:center;justify-content:center\"><span style=\"font-size:28px;font-weight:800;color:#fff;white-space:nowrap\">2017<\/span><\/div>\n<h3 style=\"font-size:20px;font-weight:600;margin:0 0 12px;color:#111;writing-mode:horizontal-tb!important;direction:ltr!important;text-align:center\">Fondation de l&rsquo;Entreprise<\/h3>\n<p style=\"color:#6b7280;line-height:1.6;writing-mode:horizontal-tb!important;direction:ltr!important;text-align:center;margin:0\">Alited Technology a \u00e9t\u00e9 fond\u00e9e par une \u00e9quipe centrale avec plus de 20 ans d&rsquo;exp\u00e9rience en paiement<\/p>\n<\/div>\n<div style=\"background:#fff;border:1px solid #e5e7eb;border-radius:16px;padding:32px;writing-mode:horizontal-tb!important;direction:ltr!important\">\n<div style=\"width:100px;height:100px;background:linear-gradient(135deg,#f97316,#ef6a0d);border-radius:50%;margin:0 auto 20px;display:flex;align-items:center;justify-content:center\"><span style=\"font-size:28px;font-weight:800;color:#fff;white-space:nowrap\">2018<\/span><\/div>\n<h3 style=\"font-size:20px;font-weight:600;margin:0 0 12px;color:#111;writing-mode:horizontal-tb!important;direction:ltr!important;text-align:center\">Certification UnionPay<\/h3>\n<p style=\"color:#6b7280;line-height:1.6;writing-mode:horizontal-tb!important;direction:ltr!important;text-align:center;margin:0\">Passage de la certification \u00ab\u00a0S\u00e9curit\u00e9 et Gestion de la Qualit\u00e9 du Cycle de Vie des Produits Terminaux d&rsquo;Acceptation de Cartes UnionPay\u00a0\u00bb, obtention de la qualification d&rsquo;entreprise de fabrication de terminaux POS UnionPay<\/p>\n<\/div>\n<div style=\"background:#fff;border:1px solid #e5e7eb;border-radius:16px;padding:32px;writing-mode:horizontal-tb!important;direction:ltr!important\">\n<div style=\"width:100px;height:100px;background:linear-gradient(135deg,#f97316,#ef6a0d);border-radius:50%;margin:0 auto 20px;display:flex;align-items:center;justify-content:center\"><span style=\"font-size:28px;font-weight:800;color:#fff;white-space:nowrap\">2019<\/span><\/div>\n<h3 style=\"font-size:20px;font-weight:600;margin:0 0 12px;color:#111;writing-mode:horizontal-tb!important;direction:ltr!important;text-align:center\">Lancement de Produits<\/h3>\n<p style=\"color:#6b7280;line-height:1.6;writing-mode:horizontal-tb!important;direction:ltr!important;text-align:center;margin:0\">Ach\u00e8vement de la conception, du d\u00e9veloppement et de la production \u00e0 grande \u00e9chelle de 5 produits: terminaux de haut-parleur cloud 2G\/WiFi CS80, CS81, CS82<\/p>\n<\/div>\n<div style=\"background:#fff;border:1px solid #e5e7eb;border-radius:16px;padding:32px;writing-mode:horizontal-tb!important;direction:ltr!important\">\n<div style=\"width:100px;height:100px;background:linear-gradient(135deg,#f97316,#ef6a0d);border-radius:50%;margin:0 auto 20px;display:flex;align-items:center;justify-content:center\"><span style=\"font-size:28px;font-weight:800;color:#fff;white-space:nowrap\">2020<\/span><\/div>\n<h3 style=\"font-size:20px;font-weight:600;margin:0 0 12px;color:#111;writing-mode:horizontal-tb!important;direction:ltr!important;text-align:center\">Certification Syst\u00e8me<\/h3>\n<p style=\"color:#6b7280;line-height:1.6;writing-mode:horizontal-tb!important;direction:ltr!important;text-align:center;margin:0\">Passage des certifications syst\u00e8me ISO9001, ISO14001, ISO45001, obtention de 22 brevets, exp\u00e9ditions cumul\u00e9es d\u00e9passant 2 millions d&rsquo;unit\u00e9s, lancement des terminaux de haut-parleur cloud 4G et imprimantes cloud CPS70, CS85, CS86<\/p>\n<\/div>\n<div style=\"background:#fff;border:1px solid #e5e7eb;border-radius:16px;padding:32px;writing-mode:horizontal-tb!important;direction:ltr!important\">\n<div style=\"width:100px;height:100px;background:linear-gradient(135deg,#f97316,#ef6a0d);border-radius:50%;margin:0 auto 20px;display:flex;align-items:center;justify-content:center\"><span style=\"font-size:28px;font-weight:800;color:#fff;white-space:nowrap\">2021<\/span><\/div>\n<h3 style=\"font-size:20px;font-weight:600;margin:0 0 12px;color:#111;writing-mode:horizontal-tb!important;direction:ltr!important;text-align:center\">Honneurs de l&rsquo;Entreprise<\/h3>\n<p style=\"color:#6b7280;line-height:1.6;writing-mode:horizontal-tb!important;direction:ltr!important;text-align:center;margin:0\">Obtention des titres \u00ab\u00a0Entreprise Nationale de Haute Technologie\u00a0\u00bb et \u00ab\u00a0Entreprise Sp\u00e9cialis\u00e9e, Fine, Distinctive et Nouvelle du Guangdong\u00a0\u00bb, exp\u00e9ditions cumul\u00e9es atteignant 3,5 millions d&rsquo;unit\u00e9s, lancement du premier terminal POS sans fil et terminaux QR code ES600, SD300, SD320<\/p>\n<\/div>\n<div style=\"background:#fff;border:1px solid #e5e7eb;border-radius:16px;padding:32px;writing-mode:horizontal-tb!important;direction:ltr!important\">\n<div style=\"width:100px;height:100px;background:linear-gradient(135deg,#f97316,#ef6a0d);border-radius:50%;margin:0 auto 20px;display:flex;align-items:center;justify-content:center\"><span style=\"font-size:28px;font-weight:800;color:#fff;white-space:nowrap\">2022<\/span><\/div>\n<h3 style=\"font-size:20px;font-weight:600;margin:0 0 12px;color:#111;writing-mode:horizontal-tb!important;direction:ltr!important;text-align:center\">Certification Internationale<\/h3>\n<p style=\"color:#6b7280;line-height:1.6;writing-mode:horizontal-tb!important;direction:ltr!important;text-align:center;margin:0\">Obtention des certifications PCI, EMV, PayPass, PayWave, lancement du POS intelligent SP580, capacit\u00e9 de production annuelle d\u00e9passant 10 millions d&rsquo;unit\u00e9s<\/p>\n<\/div>\n<div style=\"background:#fff;border:1px solid #e5e7eb;border-radius:16px;padding:32px;writing-mode:horizontal-tb!important;direction:ltr!important\">\n<div style=\"width:100px;height:100px;background:linear-gradient(135deg,#f97316,#ef6a0d);border-radius:50%;margin:0 auto 20px;display:flex;align-items:center;justify-content:center\"><span style=\"font-size:28px;font-weight:800;color:#fff;white-space:nowrap\">2023<\/span><\/div>\n<h3 style=\"font-size:20px;font-weight:600;margin:0 0 12px;color:#111;writing-mode:horizontal-tb!important;direction:ltr!important;text-align:center\">Expansion \u00e0 l&rsquo;\u00c9tranger<\/h3>\n<p style=\"color:#6b7280;line-height:1.6;writing-mode:horizontal-tb!important;direction:ltr!important;text-align:center;margin:0\">Lancement du terminal intelligent PA650, d\u00e9but des livraisons \u00e0 l&rsquo;\u00e9tranger<\/p>\n<\/div>\n<div style=\"background:#fff;border:1px solid #e5e7eb;border-radius:16px;padding:32px;writing-mode:horizontal-tb!important;direction:ltr!important\">\n<div style=\"width:100px;height:100px;background:linear-gradient(135deg,#f97316,#ef6a0d);border-radius:50%;margin:0 auto 20px;display:flex;align-items:center;justify-content:center\"><span style=\"font-size:28px;font-weight:800;color:#fff;white-space:nowrap\">2024<\/span><\/div>\n<h3 style=\"font-size:20px;font-weight:600;margin:0 0 12px;color:#111;writing-mode:horizontal-tb!important;direction:ltr!important;text-align:center\">Produits Innovants<\/h3>\n<p style=\"color:#6b7280;line-height:1.6;writing-mode:horizontal-tb!important;direction:ltr!important;text-align:center;margin:0\">Lancement de SoftPOS, terminaux intelligents et KIOSK<\/p>\n<\/div>\n<div style=\"background:#fff;border:1px solid #e5e7eb;border-radius:16px;padding:32px;writing-mode:horizontal-tb!important;direction:ltr!important\">\n<div style=\"width:100px;height:100px;background:linear-gradient(135deg,#f97316,#ef6a0d);border-radius:50%;margin:0 auto 20px;display:flex;align-items:center;justify-content:center\"><span style=\"font-size:28px;font-weight:800;color:#fff;white-space:nowrap\">2025<\/span><\/div>\n<h3 style=\"font-size:20px;font-weight:600;margin:0 0 12px;color:#111;writing-mode:horizontal-tb!important;direction:ltr!important;text-align:center\">Innovation Continue<\/h3>\n<p style=\"color:#6b7280;line-height:1.6;writing-mode:horizontal-tb!important;direction:ltr!important;text-align:center;margin:0\">Nouveaux produits \u00e0 venir<\/p>\n<\/div>\n<\/div>\n<\/div>\n\n\n\n<div style=\"max-width:1200px;margin:60px auto 0;padding:0 20px\">\n<h2 style=\"text-align:center!important;font-size:32px;font-weight:700;color:#111;margin:0 0 40px\">Caract\u00e9ristiques du Produit<\/h2>\n<\/div>\n\n\n\n<div style=\"max-width:1200px;margin:0 auto;padding:0 20px\">\n<h2 style=\"text-align:center!important;font-size:28px;font-weight:700;color:#111;margin:0 0 30px\">Technologies Avanc\u00e9es et S\u00e9curis\u00e9es<\/h2>\n<div class=\"products-grid\">\n<div class=\"top-image-card\" style=\"writing-mode:horizontal-tb!important;direction:ltr!important\">\n<div style=\"display:flex!important;align-items:center;gap:12px;margin-bottom:12px;flex-shrink:0\"><span style=\"font-size:24px;flex-shrink:0\">\u26a1<\/span><h3 style=\"writing-mode:horizontal-tb!important;direction:ltr!important\">Sp\u00e9cifications Techniques Haute Performance<\/h3><\/div>\n<p class=\"card-content\" style=\"writing-mode:horizontal-tb!important;direction:ltr!important\">CPU haute performance, m\u00e9moire haute capacit\u00e9, vitesse d&rsquo;impression rapide, vitesse de transaction rapide, batterie lithium haute endurance<\/p>\n<\/div>\n<div class=\"top-image-card\" style=\"writing-mode:horizontal-tb!important;direction:ltr!important\">\n<div style=\"display:flex!important;align-items:center;gap:12px;margin-bottom:12px;flex-shrink:0\"><span style=\"font-size:24px;flex-shrink:0\">\ud83d\udd12<\/span><h3 style=\"writing-mode:horizontal-tb!important;direction:ltr!important\">Haute S\u00e9curit\u00e9<\/h3><\/div>\n<p class=\"card-content\" style=\"writing-mode:horizontal-tb!important;direction:ltr!important\">Conforme aux normes EMV, PBOC, UPTS, passage des certifications des institutions pertinentes, conforme aux normes CCC, PCI PTS, PayPass, PayWave, DISCOVER, CE, RoHS<\/p>\n<\/div>\n<div class=\"top-image-card\" style=\"writing-mode:horizontal-tb!important;direction:ltr!important\">\n<div style=\"display:flex!important;align-items:center;gap:12px;margin-bottom:12px;flex-shrink:0\"><span style=\"font-size:24px;flex-shrink:0\">\ud83c\udfed<\/span><h3 style=\"writing-mode:horizontal-tb!important;direction:ltr!important\">Certification Syst\u00e8me Qualit\u00e9<\/h3><\/div>\n<p class=\"card-content\" style=\"writing-mode:horizontal-tb!important;direction:ltr!important\">L&rsquo;usine d\u00e9tient la certification de syst\u00e8me de qualit\u00e9 ISO9001, poss\u00e8de des installations avanc\u00e9es et une forte force technique, qualit\u00e9 et s\u00e9curit\u00e9 \u00e9lev\u00e9es des produits<\/p>\n<\/div>\n<div class=\"top-image-card\" style=\"writing-mode:horizontal-tb!important;direction:ltr!important\">\n<div style=\"display:flex!important;align-items:center;gap:12px;margin-bottom:12px;flex-shrink:0\"><span style=\"font-size:24px;flex-shrink:0\">\ud83d\udcdc<\/span><h3 style=\"writing-mode:horizontal-tb!important;direction:ltr!important\">Certifications et Brevets<\/h3><\/div>\n<p class=\"card-content\" style=\"writing-mode:horizontal-tb!important;direction:ltr!important\">Passage des certifications de syst\u00e8me de qualit\u00e9 ISO9001, ISO14001, ISO45001 et certification de qualification d&rsquo;entreprise de terminaux d&rsquo;acceptation de cartes UnionPay, poss\u00e8de plus de 40 brevets et droits d&rsquo;auteur de logiciels<\/p>\n<\/div>\n<\/div>\n<\/div>\n\n\n\n<div style=\"max-width:1200px;margin:60px auto 0;padding:0 20px\">\n<h2 style=\"text-align:center!important;font-size:28px;font-weight:700;color:#111;margin:0 0 30px\">Conception Centr\u00e9e sur le Client<\/h2>\n<div class=\"products-grid\">\n<div class=\"top-image-card\" style=\"writing-mode:horizontal-tb!important;direction:ltr!important\">\n<div style=\"display:flex!important;align-items:center;gap:12px;margin-bottom:12px;flex-shrink:0\"><span style=\"font-size:24px;flex-shrink:0\">\ud83d\udc65<\/span><h3 style=\"writing-mode:horizontal-tb!important;direction:ltr!important\">Orientation Besoins Clients<\/h3><\/div>\n<p class=\"card-content\" style=\"writing-mode:horizontal-tb!important;direction:ltr!important\">Suivre le principe des besoins clients pour concevoir les produits, tous les produits terminaux de paiement \u00e9lectronique utilisent une conception ergonomique<\/p>\n<\/div>\n<div class=\"top-image-card\" style=\"writing-mode:horizontal-tb!important;direction:ltr!important\">\n<div style=\"display:flex!important;align-items:center;gap:12px;margin-bottom:12px;flex-shrink:0\"><span style=\"font-size:24px;flex-shrink:0\">\ud83c\udfa8<\/span><h3 style=\"writing-mode:horizontal-tb!important;direction:ltr!important\">\u00c9quipe de Conception Professionnelle<\/h3><\/div>\n<p class=\"card-content\" style=\"writing-mode:horizontal-tb!important;direction:ltr!important\">Poss\u00e8de une \u00e9quipe de conception et d\u00e9veloppement professionnelle, analyse les besoins et con\u00e7oit les produits du point de vue du client, r\u00e9pondant \u00e0 diff\u00e9rents sc\u00e9narios d&rsquo;utilisation<\/p>\n<\/div>\n<div class=\"top-image-card\" style=\"writing-mode:horizontal-tb!important;direction:ltr!important\">\n<div style=\"display:flex!important;align-items:center;gap:12px;margin-bottom:12px;flex-shrink:0\"><span style=\"font-size:24px;flex-shrink:0\">\ud83d\udd04<\/span><h3 style=\"writing-mode:horizontal-tb!important;direction:ltr!important\">D\u00e9veloppement et Mise \u00e0 Jour d&rsquo;Applications<\/h3><\/div>\n<p class=\"card-content\" style=\"writing-mode:horizontal-tb!important;direction:ltr!important\">\u00c9quip\u00e9 de produits et plateformes logicielles professionnelles, aidant les clients \u00e0 mettre \u00e0 jour les logiciels \u00e0 distance, utilisant la derni\u00e8re plateforme logicielle, op\u00e9ration pratique<\/p>\n<\/div>\n<div class=\"top-image-card\" style=\"writing-mode:horizontal-tb!important;direction:ltr!important\">\n<div style=\"display:flex!important;align-items:center;gap:12px;margin-bottom:12px;flex-shrink:0\"><span style=\"font-size:24px;flex-shrink:0\">\ud83d\udcbb<\/span><h3 style=\"writing-mode:horizontal-tb!important;direction:ltr!important\">Syst\u00e8me de Gestion de Terminaux<\/h3><\/div>\n<p class=\"card-content\" style=\"writing-mode:horizontal-tb!important;direction:ltr!important\">La plateforme logicielle IOTMS d\u00e9velopp\u00e9e ind\u00e9pendamment fournit des services de gestion de terminaux avanc\u00e9s, RKL fournit la gestion et l&rsquo;activation de cl\u00e9s \u00e0 distance, AppStore fournit la r\u00e9vision, publication, distribution et gestion d&rsquo;applications<\/p>\n<\/div>\n<\/div>\n<\/div>\n\n\n\n<div style=\"max-width:1200px;margin:60px auto 0;padding:0 20px\">\n<div style=\"background:linear-gradient(135deg,#f97316,#ef6a0d);border-radius:20px;padding:60px;text-align:center;color:#fff\">\n<h2 style=\"font-size:32px;font-weight:700;margin:0 0 20px;writing-mode:horizontal-tb!important;direction:ltr!important\">Notre Mission<\/h2>\n<p style=\"font-size:20px;line-height:1.6;margin:0;opacity:0.9;writing-mode:horizontal-tb!important;direction:ltr!important\">Se concentrer sur les capacit\u00e9s de recherche et d\u00e9veloppement de technologies de paiement innovantes, fournir des produits fiables et excellents aux partenaires, populariser les paiements s\u00e9curis\u00e9s<\/p>\n<\/div>\n<\/div>\n\n\n","protected":false},"excerpt":{"rendered":"<p>Pr\u00e9sentation de l&rsquo;Entreprise Fabricant Professionnel de Terminaux Financiers Intelligents et de Terminaux Commerciaux S\u00e9curis\u00e9s Aper\u00e7u de l&rsquo;Entreprise Alited Technology Co., Ltd. (\u524d\u6d77\u8054\u5927\u79d1\u6280\u6709\u9650\u516c\u53f8) a \u00e9t\u00e9 fond\u00e9e en 2017, c&rsquo;est une entreprise sp\u00e9cialis\u00e9e dans la conception, le d\u00e9veloppement, la production et la vente de terminaux financiers intelligents, terminaux commerciaux s\u00e9curis\u00e9s et logiciels connexes. L&rsquo;entreprise se concentre sur&#8230;<\/p>\n","protected":false},"author":0,"featured_media":0,"parent":0,"menu_order":0,"comment_status":"closed","ping_status":"closed","template":"","meta":{"_kad_post_transparent":"","_kad_post_title":"hide","_kad_post_layout":"fullwidth","_kad_post_sidebar_id":"","_kad_post_content_style":"","_kad_post_vertical_padding":"","_kad_post_feature":"","_kad_post_feature_position":"","_kad_post_header":false,"_kad_post_footer":false,"_kad_post_classname":"","footnotes":""},"class_list":["post-1914","page","type-page","status-publish","hentry"],"_links":{"self":[{"href":"https:\/\/alited.com\/fr\/wp-json\/wp\/v2\/pages\/1914","targetHints":{"allow":["GET"]}}],"collection":[{"href":"https:\/\/alited.com\/fr\/wp-json\/wp\/v2\/pages"}],"about":[{"href":"https:\/\/alited.com\/fr\/wp-json\/wp\/v2\/types\/page"}],"replies":[{"embeddable":true,"href":"https:\/\/alited.com\/fr\/wp-json\/wp\/v2\/comments?post=1914"}],"version-history":[{"count":2,"href":"https:\/\/alited.com\/fr\/wp-json\/wp\/v2\/pages\/1914\/revisions"}],"predecessor-version":[{"id":3187,"href":"https:\/\/alited.com\/fr\/wp-json\/wp\/v2\/pages\/1914\/revisions\/3187"}],"wp:attachment":[{"href":"https:\/\/alited.com\/fr\/wp-json\/wp\/v2\/media?parent=1914"}],"curies":[{"name":"wp","href":"https:\/\/api.w.org\/{rel}","templated":true}]}}